{"id":91,"date":"2018-03-11T00:30:02","date_gmt":"2018-03-10T23:30:02","guid":{"rendered":"http:\/\/esperancechavagne.fr\/tiralarc\/?page_id=91"},"modified":"2021-09-22T17:29:57","modified_gmt":"2021-09-22T15:29:57","slug":"le-tir-beursault","status":"publish","type":"page","link":"https:\/\/esperancechavagne.fr\/tiralarc\/les-disciplines\/le-tir-beursault\/","title":{"rendered":"Le tir Beursault"},"content":{"rendered":"\n<p class=\"wp-block-paragraph\">Le tir beursault, \u00e9galement appel\u00e9 de nos jours \u00ab\u00a0beursault\u00a0\u00bb, \u00ab\u00a0jeu beursault\u00a0\u00bb ou encore \u00ab\u00a0noble jeu de l&rsquo;arc\u00a0\u00bb, se pratique en France depuis plus de sept si\u00e8cles dans les jardins d\u2019arc. Plusieurs enluminures du XIV\u00e8me si\u00e8cle attestent d\u00e9j\u00e0 la pratique de ce tir particulier en aller-retour.<\/p>\n\n\n\n<h3 class=\"wp-block-heading\">La tradition<\/h3>\n\n\n\n<p class=\"wp-block-paragraph\">Pratiqu\u00e9 sur un terrain sp\u00e9cifique nomm\u00e9 \u00ab jeu d\u2019arc \u00bb, \u00ab\u00a0jardin d\u2019arc\u00a0\u00bb&nbsp;mais aussi \u00ab\u00a0beursault\u00a0\u00bb&nbsp;qui lui donne son nom, le tir beursault est une discipline r\u00e9gie par des r\u00e8gles d\u2019honneur et de courtoisie dont la codification a trait \u00e0 la biens\u00e9ance tout autant qu\u2019\u00e0 la s\u00e9curit\u00e9. Le c\u00e9r\u00e9monial observ\u00e9 dans l\u2019enceinte du jeu s\u2019inspire de symboles d\u00e9riv\u00e9s de la tradition catholique, auxquels sont initi\u00e9s les Chevaliers d\u2019arc, garants du bon fonctionnement de la Compagnie d\u2019arc.<\/p>\n\n\n\n<p class=\"wp-block-paragraph\">Le tir beursault pratiqu\u00e9 dans les jardins d\u2019arc peut prendre de nombreuses formes. Il est la base de la vie traditionnelle des Compagnies d&rsquo;arc et sera utilis\u00e9 pour :<\/p>\n\n\n\n<ul class=\"wp-block-list\"><li>Les tirs de tradition comme la Saint-S\u00e9bastien et l\u2019abat-oiseau<\/li><li>Les parties de jardin, d\u2019installation, de deuil, etc\u2026<\/li><li>Les prix de Compagnie, de Roy, de Chevalier, de Conn\u00e9table, etc\u2026<\/li><li>Tous ces prix seront tir\u00e9s sur des cartes d\u00e9cor\u00e9es pour l\u2019occasion.<\/li><\/ul>\n\n\n\n<p class=\"wp-block-paragraph\">Ensuite, viennent les concours avec :<\/p>\n\n\n\n<ul class=\"wp-block-list\"><li>Les Prix G\u00e9n\u00e9raux<\/li><li>Les tirs de Bouquet (qualificatifs au Championnat de France) avec carte et marmot sp\u00e9cifiques<\/li><li>Les concours beursault (qualificatifs au Championnat de France)<\/li><\/ul>\n\n\n\n<p class=\"wp-block-paragraph\">C\u2019est le seul tir o\u00f9 l\u2019on compte d\u2019abord les honneurs (nombre de fl\u00e8ches \u00e0 l\u2019int\u00e9rieur du grand cordon) avant de compter les points. Rester dans la carte signifie rester dans l\u2019honneur, au sens propre comme au figur\u00e9. Cela fait partie de l\u2019initiation \u00e0 la Chevalerie de l\u2019Arc. Le traditionnel \u00ab\u00a0Mesdames, messieurs, je vous salue\u00a0\u00bb\u00a0est de mise avant de tirer sa premi\u00e8re fl\u00e8che dans un beursault.<\/p>\n\n\n\n<h3 class=\"wp-block-heading\">Les basiques de la discipline<\/h3>\n\n\n\n<p class=\"wp-block-paragraph\">Aujourd&rsquo;hui, le concours beursault consiste \u00e0 tirer une seule fl\u00e8che en aller-retour dans un jeu d\u2019arc et cela 40 fois de suite, soit 20 haltes pr\u00e9c\u00e9d\u00e9es de 2 haltes d\u2019essai. Outre son c\u00f4t\u00e9 traditionnel, le tir beursault est, au niveau sportif, un tir tr\u00e8s \u00e9ducatif et d\u2019une grande difficult\u00e9. Devoir tirer une fois dans un sens, une fois dans l\u2019autre (avec ce que cela implique pour le vent ou le soleil), une seule fl\u00e8che \u00e0 la fois, sans possibilit\u00e9 d\u2019erreur, demande une grande concentration. Si, sur une vol\u00e9e de trois fl\u00e8ches, il est possible d\u2019en avoir une moins bonne, cela n\u2019est pas permis au Beursault. Un 7 sur un blason de 122 cm \u00e0 50 m \u00e9quivaut \u00e0 une fl\u00e8che hors carte (hors de l\u2019honneur) sur une carte Beursault. Obtenir un \u00ab\u00a0marmot\u00a0\u00bb suppl\u00e9mentaire dans les badges f\u00e9d\u00e9raux, ou mieux, sa qualification pour les Championnats de France, n\u2019est pas plus facile que dans les autres disciplines et est toujours une grande satisfaction pour les archers.<\/p>\n\n\n\n<p class=\"wp-block-paragraph\">Au Championnat de France Beursault, les champion(nes) re\u00e7oivent une \u00e9charpe brod\u00e9e et mill\u00e9sim\u00e9e en plus de leur m\u00e9daille<\/p>\n\n\n\n<h3 class=\"wp-block-heading\">La s\u00e9curit\u00e9 au jeu d&rsquo;arc<\/h3>\n\n\n\n<p class=\"wp-block-paragraph\">La vigilance dans un jeu d\u2019arc est primordiale pour assurer la s\u00e9curit\u00e9 de tous. Pour cela, le peloton sera pr\u00e9c\u00e9d\u00e9 par le marqueur qui ouvrira le pas de tir lorsque toutes les fl\u00e8ches du peloton (5 tireurs) seront arriv\u00e9es en cible. Il pourra \u00eatre assist\u00e9 d\u2019un \u00ab garde-panton \u00bb \u00e0 chaque butte pour emp\u00eacher toute entr\u00e9e inopin\u00e9e sur le pas de tir. Le dernier archer du peloton (ou le garde-panton) fermera l\u2019entr\u00e9e du pas de tir avec une chaine apr\u00e8s son passage.<br><br>Dans les jeux d\u2019arcs modernes, des portillons \u00e9lectroniques assurent que l\u2019on ne puisse entrer sur un pas de tir tant que le pas oppos\u00e9 n\u2019est pas lib\u00e9r\u00e9 et verrouill\u00e9. Enfin, rien ne vaut un coup d\u2019\u0153il dans les miroirs traditionnellement plac\u00e9s \u00e0 chaque angle des buttes de tir pour v\u00e9rifier que le pas oppos\u00e9 a bien \u00e9t\u00e9 lib\u00e9r\u00e9. Un drapeau rouge dispos\u00e9 \u00e0 chaque butte permettra au marqueur d\u2019interrompre le tir pour relever un marmot ou v\u00e9rifier la valeur d\u2019une fl\u00e8che. Il v\u00e9rifiera dans le miroir que l\u2019archer sur le pas de tir oppos\u00e9 a bien compris le signal et a repos\u00e9 son arc.<\/p>\n","protected":false},"excerpt":{"rendered":"<p>Le tir beursault, \u00e9galement appel\u00e9 de nos jours \u00ab\u00a0beursault\u00a0\u00bb, \u00ab\u00a0jeu beursault\u00a0\u00bb ou encore \u00ab\u00a0noble jeu de l&rsquo;arc\u00a0\u00bb, se pratique en France depuis plus de sept si\u00e8cles dans les jardins d\u2019arc. Plusieurs enluminures du XIV\u00e8me si\u00e8cle attestent d\u00e9j\u00e0 la pratique de ce tir particulier en aller-retour. La tradition Pratiqu\u00e9 sur un<span class=\"more-link\"><a href=\"https:\/\/esperancechavagne.fr\/tiralarc\/les-disciplines\/le-tir-beursault\/\">&raquo; Lire la suite &laquo;<\/a><\/span><\/p>\n","protected":false},"author":1,"featured_media":981,"parent":48,"menu_order":5,"comment_status":"closed","ping_status":"closed","template":"","meta":{"_crdt_document":"","ghostkit_customizer_options":"","ghostkit_custom_css":"","ghostkit_custom_js_head":"","ghostkit_custom_js_foot":"","ghostkit_typography":"","_themeisle_gutenberg_block_has_review":false,"footnotes":""},"class_list":["entry","author-damienm","post-91","page","type-page","status-publish","has-post-thumbnail"],"_links":{"self":[{"href":"https:\/\/esperancechavagne.fr\/tiralarc\/wp-json\/wp\/v2\/pages\/91","targetHints":{"allow":["GET"]}}],"collection":[{"href":"https:\/\/esperancechavagne.fr\/tiralarc\/wp-json\/wp\/v2\/pages"}],"about":[{"href":"https:\/\/esperancechavagne.fr\/tiralarc\/wp-json\/wp\/v2\/types\/page"}],"author":[{"embeddable":true,"href":"https:\/\/esperancechavagne.fr\/tiralarc\/wp-json\/wp\/v2\/users\/1"}],"replies":[{"embeddable":true,"href":"https:\/\/esperancechavagne.fr\/tiralarc\/wp-json\/wp\/v2\/comments?post=91"}],"version-history":[{"count":9,"href":"https:\/\/esperancechavagne.fr\/tiralarc\/wp-json\/wp\/v2\/pages\/91\/revisions"}],"predecessor-version":[{"id":4516,"href":"https:\/\/esperancechavagne.fr\/tiralarc\/wp-json\/wp\/v2\/pages\/91\/revisions\/4516"}],"up":[{"embeddable":true,"href":"https:\/\/esperancechavagne.fr\/tiralarc\/wp-json\/wp\/v2\/pages\/48"}],"wp:featuredmedia":[{"embeddable":true,"href":"https:\/\/esperancechavagne.fr\/tiralarc\/wp-json\/wp\/v2\/media\/981"}],"wp:attachment":[{"href":"https:\/\/esperancechavagne.fr\/tiralarc\/wp-json\/wp\/v2\/media?parent=91"}],"curies":[{"name":"wp","href":"https:\/\/api.w.org\/{rel}","templated":true}]}}