{"id":8658,"date":"2024-11-09T23:25:19","date_gmt":"2024-11-09T22:25:19","guid":{"rendered":"https:\/\/esperancechavagne.fr\/tiralarc\/?page_id=8658"},"modified":"2024-11-09T23:25:20","modified_gmt":"2024-11-09T22:25:20","slug":"saison-2024-2025","status":"publish","type":"page","link":"https:\/\/esperancechavagne.fr\/tiralarc\/calendrier-des-concours-a-venir\/saison-2024-2025\/","title":{"rendered":"Saison 2024-2025"},"content":{"rendered":"\n<h2 class=\"wp-block-heading\" id=\"resultats-detailles\">R\u00e9sultats d\u00e9taill\u00e9s :<\/h2>\n\n\n\n<div id=\"wp-block-themeisle-blocks-advanced-columns-d492098d\" class=\"wp-block-themeisle-blocks-advanced-columns has-1-columns has-desktop-equal-layout has-tablet-equal-layout has-mobile-equal-layout has-vertical-unset\"><div class=\"wp-block-themeisle-blocks-advanced-columns-overlay\"><\/div><div class=\"innerblocks-wrap\">\n<div id=\"wp-block-themeisle-blocks-advanced-column-66de980f\" class=\"wp-block-themeisle-blocks-advanced-column\">\n<table id=\"tablepress-3\" class=\"tablepress tablepress-id-3 results-details\">\n<thead>\n<tr class=\"row-1\">\n\t<td class=\"column-1\"><\/td><th class=\"column-2\">Jo<br \/>\nS3 F<\/th><th class=\"column-3\">Michel<br \/>\nS3 H<\/th><th class=\"column-4\">Samuel<br \/>\nS2 H<\/th><th class=\"column-5\">Fanny<br \/>\nS2 F<\/th><th class=\"column-6\">\u00c9ric M.<br \/>\nS3 H<\/th><th class=\"column-7\">Catherine<br \/>\nS3 F<\/th><th class=\"column-8\">Daniel<br \/>\nS3 H<\/th><th class=\"column-9\">Guy<br \/>\nS3 H<\/th><th class=\"column-10\">Jean-Marc<br \/>\nS2 H<\/th><th class=\"column-11\">Dimitri<br \/>\nS2 H<\/th><th class=\"column-12\">Damien<br \/>\nS2 H<\/th><th class=\"column-13\">Anne-So<br \/>\nS2 F<\/th><td class=\"column-14\"><\/td>\n<\/tr>\n<\/thead>\n<tbody class=\"row-striping row-hover\">\n<tr class=\"row-2\">\n\t<td class=\"column-1\"><span class=\"cibles3d\">Tir 3D<\/span><br \/>\ndu 21\/09\/2024 au 22\/09\/2024 - Auray<\/td><td class=\"column-2\">BB<br \/>\n<span class=\"points\">249<\/span> <span class=\"place2\">2<\/span><\/td><td class=\"column-3\">AD<br \/>\n<span class=points\">197<\/span> <span class=\"place\">8<\/span><\/td><td class=\"column-4\"><\/td><td class=\"column-5\"><\/td><td class=\"column-6\"><\/td><td class=\"column-7\"><\/td><td class=\"column-8\"><\/td><td class=\"column-9\"><\/td><td class=\"column-10\"><\/td><td class=\"column-11\"><\/td><td class=\"column-12\"><\/td><td class=\"column-13\"><\/td><td class=\"column-14\"><\/td>\n<\/tr>\n<tr class=\"row-3\">\n\t<td class=\"column-1\"><span class=\"salle\">Tir \u00e0 18m<\/span><br \/>\ndu 04\/10\/2024 au 06\/10\/2024 - Mu\u00ebl<\/td><td class=\"column-2\"><\/td><td class=\"column-3\"><\/td><td class=\"column-4\">CL<br \/>\n<span class=points\">432<\/span> <span class=\"place\">7<\/span><\/td><td class=\"column-5\">BB<br \/>\n<span class=points\">369<\/span> <span class=\"place1\">1<\/span><\/td><td class=\"column-6\"><\/td><td class=\"column-7\"><\/td><td class=\"column-8\"><\/td><td class=\"column-9\"><\/td><td class=\"column-10\"><\/td><td class=\"column-11\"><\/td><td class=\"column-12\"><\/td><td class=\"column-13\"><\/td><td class=\"column-14\"><\/td>\n<\/tr>\n<tr class=\"row-4\">\n\t<td class=\"column-1\"><span class=\"cibles3d\">Tir 3D<\/span><br \/>\ndu 05\/10\/2024 au 06\/10\/2024 - Liffr\u00e9<\/td><td class=\"column-2\">BB<br \/>\n<span class=\"points\">259<\/span> <span class=\"place1\">1<\/span><\/td><td class=\"column-3\">AD<br \/>\n<span class=points\">214<\/span> <span class=\"place\">7<\/span><\/td><td class=\"column-4\"><\/td><td class=\"column-5\"><\/td><td class=\"column-6\"><\/td><td class=\"column-7\"><\/td><td class=\"column-8\"><\/td><td class=\"column-9\"><\/td><td class=\"column-10\"><\/td><td class=\"column-11\"><\/td><td class=\"column-12\"><\/td><td class=\"column-13\"><\/td><td class=\"column-14\"><\/td>\n<\/tr>\n<tr class=\"row-5\">\n\t<td class=\"column-1\"><span class=\"salle\">Tir \u00e0 18m<\/span><br \/>\ndu 19\/10\/2024 au 20\/10\/2024 - Vezin-le-Coquet<\/td><td class=\"column-2\"><\/td><td class=\"column-3\"><\/td><td class=\"column-4\"><\/td><td class=\"column-5\"><\/td><td class=\"column-6\">CL<br \/>\n<span class=\"points\">524<\/span> <span class=\"place1\">1<\/span><\/td><td class=\"column-7\">BB<br \/>\n<span class=\"points\">212<\/span> <span class=\"place3\">3<\/span><\/td><td class=\"column-8\">BB<br \/>\n<span class=\"points\">306<\/span> <span class=\"place3\">3<\/span><\/td><td class=\"column-9\"><\/td><td class=\"column-10\"><\/td><td class=\"column-11\"><\/td><td class=\"column-12\"><\/td><td class=\"column-13\"><\/td><td class=\"column-14\"><\/td>\n<\/tr>\n<tr class=\"row-6\">\n\t<td class=\"column-1\"><span class=\"salle\">Tir \u00e0 18m<\/span><br \/>\ndu 26\/10\/2024 au 27\/10\/2024 - Laill\u00e9<\/td><td class=\"column-2\"><\/td><td class=\"column-3\"><\/td><td class=\"column-4\">CL<br \/>\n<span class=\"points\">112<\/span> <span class=\"place\">10<\/span><\/td><td class=\"column-5\"><\/td><td class=\"column-6\">CL<br \/>\n<span class=\"points\">527<\/span> <span class=\"place1\">1<\/span><\/td><td class=\"column-7\">BB<br \/>\n<span class=\"points\">216<\/span> <span class=\"place3\">3<\/span><\/td><td class=\"column-8\"><\/td><td class=\"column-9\">CO<br \/>\n<span class=\"points\">526<\/span> <span class=\"place\">4<\/span><\/td><td class=\"column-10\">CL<br \/>\n<span class=\"points\">407<\/span> <span class=\"place\">5<\/span><\/td><td class=\"column-11\"><\/td><td class=\"column-12\"><\/td><td class=\"column-13\"><\/td><td class=\"column-14\"><\/td>\n<\/tr>\n<tr class=\"row-7\">\n\t<td class=\"column-1\"><span class=\"salle\">Tir \u00e0 18m<\/span><br \/>\nle 30\/10\/2024 - Rennes<\/td><td class=\"column-2\"><\/td><td class=\"column-3\"><\/td><td class=\"column-4\"><\/td><td class=\"column-5\"><\/td><td class=\"column-6\">CL<br \/>\n<span class=\"points\">505<\/span> <span class=\"place1\">1<\/span><\/td><td class=\"column-7\"><\/td><td class=\"column-8\"><\/td><td class=\"column-9\"><\/td><td class=\"column-10\"><\/td><td class=\"column-11\"><\/td><td class=\"column-12\"><\/td><td class=\"column-13\"><\/td><td class=\"column-14\"><\/td>\n<\/tr>\n<tr class=\"row-8\">\n\t<td class=\"column-1\"><span class=\"salle\">Tir \u00e0 18m<\/span><br \/>\ndu 09\/11\/2024 au 10\/11\/2024 - Saint-Jacques-de-la-Lande<\/td><td class=\"column-2\"><\/td><td class=\"column-3\"><\/td><td class=\"column-4\"><\/td><td class=\"column-5\"><\/td><td class=\"column-6\">CL<br \/>\n<span class=\"points\">511<\/span> <span class=\"place1\">1<\/span><\/td><td class=\"column-7\">BB<br \/>\n<span class=\"points\">210<\/span> <span class=\"place2\">2<\/span><\/td><td class=\"column-8\"><\/td><td class=\"column-9\"><\/td><td class=\"column-10\">CL<br \/>\n<span class=\"points\">391<\/span> <span class=\"place\">8<\/span><\/td><td class=\"column-11\"><\/td><td class=\"column-12\"><\/td><td class=\"column-13\"><\/td><td class=\"column-14\"><\/td>\n<\/tr>\n<tr class=\"row-9\">\n\t<td class=\"column-1\"><span class=\"salle\">Tir \u00e0 18m<\/span><br \/>\ndu 16\/11\/2024 au 17\/11\/2024 - Cesson-S\u00e9vign\u00e9<\/td><td class=\"column-2\"><\/td><td class=\"column-3\"><\/td><td class=\"column-4\"><\/td><td class=\"column-5\"><\/td><td class=\"column-6\">CL<br \/>\n<span class=\"points\">517<\/span> <span class=\"place\">5<\/span><\/td><td class=\"column-7\">BB<br \/>\n<span class=\"points\">263<\/span> <span class=\"place\">6<\/span><\/td><td class=\"column-8\">BB<br \/>\n<span class=\"points\">275<\/span> <span class=\"place\">13<\/span><\/td><td class=\"column-9\"><\/td><td class=\"column-10\"><\/td><td class=\"column-11\"><\/td><td class=\"column-12\"><\/td><td class=\"column-13\"><\/td><td class=\"column-14\"><\/td>\n<\/tr>\n<tr class=\"row-10\">\n\t<td class=\"column-1\"><span class=\"salle\">Tir \u00e0 18m<\/span><br \/>\nle 20\/11\/2024 - Domloup<\/td><td class=\"column-2\"><\/td><td class=\"column-3\"><\/td><td class=\"column-4\"><\/td><td class=\"column-5\"><\/td><td class=\"column-6\">CL<br \/>\n<span class=\"points\">513<\/span> <span class=\"place\">5<\/span><\/td><td class=\"column-7\"><\/td><td class=\"column-8\"><\/td><td class=\"column-9\"><\/td><td class=\"column-10\"><\/td><td class=\"column-11\"><\/td><td class=\"column-12\"><\/td><td class=\"column-13\"><\/td><td class=\"column-14\"><\/td>\n<\/tr>\n<tr class=\"row-11\">\n\t<td class=\"column-1\"><span class=\"salle\">Tir \u00e0 18m<\/span><br \/>\nle 30\/11\/2024 - Domloup<\/td><td class=\"column-2\"><\/td><td class=\"column-3\"><\/td><td class=\"column-4\"><\/td><td class=\"column-5\"><\/td><td class=\"column-6\">CL<br \/>\n<span class=\"points\">518<\/span> <span class=\"place1\">1<\/span><\/td><td class=\"column-7\"><\/td><td class=\"column-8\"><\/td><td class=\"column-9\"><\/td><td class=\"column-10\"><\/td><td class=\"column-11\"><\/td><td class=\"column-12\"><\/td><td class=\"column-13\"><\/td><td class=\"column-14\"><\/td>\n<\/tr>\n<tr class=\"row-12\">\n\t<td class=\"column-1\"><span class=\"salle\">Tir \u00e0 18m<\/span><br \/>\ndu 06\/12\/2024 au 08\/12\/2024 - Retiers<\/td><td class=\"column-2\"><\/td><td class=\"column-3\"><\/td><td class=\"column-4\"><\/td><td class=\"column-5\"><\/td><td class=\"column-6\"><\/td><td class=\"column-7\"><\/td><td class=\"column-8\"><\/td><td class=\"column-9\"><\/td><td class=\"column-10\"><\/td><td class=\"column-11\">BB<br \/>\n<span class=\"points\">293<\/span> <span class=\"place\">10<\/span><\/td><td class=\"column-12\"><\/td><td class=\"column-13\"><\/td><td class=\"column-14\"><\/td>\n<\/tr>\n<tr class=\"row-13\">\n\t<td class=\"column-1\"><span class=\"salle\">Tir \u00e0 18m<\/span><br \/>\ndu 07\/12\/2024 au 08\/12\/2024 - Foug\u00e8res<\/td><td class=\"column-2\"><\/td><td class=\"column-3\"><\/td><td class=\"column-4\"><\/td><td class=\"column-5\"><\/td><td class=\"column-6\">CL<br \/>\n<span class=\"points\">522<\/span> <span class=\"place3\">3<\/span><\/td><td class=\"column-7\"><\/td><td class=\"column-8\"><\/td><td class=\"column-9\"><\/td><td class=\"column-10\"><\/td><td class=\"column-11\"><\/td><td class=\"column-12\"><\/td><td class=\"column-13\"><\/td><td class=\"column-14\"><\/td>\n<\/tr>\n<tr class=\"row-14\">\n\t<td class=\"column-1\"><span class=\"salle\">Tir \u00e0 18m<\/span><br \/>\nle 11\/12\/2024 - Domloup<\/td><td class=\"column-2\"><\/td><td class=\"column-3\"><\/td><td class=\"column-4\"><\/td><td class=\"column-5\"><\/td><td class=\"column-6\">CL<br \/>\n<span class=\"points\">531<\/span> <span class=\"place2\">2<\/span><\/td><td class=\"column-7\"><\/td><td class=\"column-8\"><\/td><td class=\"column-9\"><\/td><td class=\"column-10\"><\/td><td class=\"column-11\"><\/td><td class=\"column-12\"><\/td><td class=\"column-13\"><\/td><td class=\"column-14\"><\/td>\n<\/tr>\n<tr class=\"row-15\">\n\t<td class=\"column-1\"><span class=\"salle\">Tir \u00e0 18m<\/span><br \/>\ndu 13\/12\/2024 au 15\/12\/2024 - Liffr\u00e9<\/td><td class=\"column-2\"><\/td><td class=\"column-3\"><\/td><td class=\"column-4\"><\/td><td class=\"column-5\"><\/td><td class=\"column-6\"><\/td><td class=\"column-7\"><\/td><td class=\"column-8\"><\/td><td class=\"column-9\"><\/td><td class=\"column-10\"><\/td><td class=\"column-11\">BB<br \/>\n<span class=\"points\">185<\/span> <span class=\"place\">9<\/span><\/td><td class=\"column-12\"><\/td><td class=\"column-13\"><\/td><td class=\"column-14\"><\/td>\n<\/tr>\n<tr class=\"row-16\">\n\t<td class=\"column-1\"><span class=\"salle\">Tir \u00e0 18m<\/span><br \/>\nle 13\/12\/2024 - Rennes<\/td><td class=\"column-2\"><\/td><td class=\"column-3\"><\/td><td class=\"column-4\"><\/td><td class=\"column-5\"><\/td><td class=\"column-6\">CL<br \/>\n<span class=\"points\">529<\/span> <span class=\"place1\">1<\/span><\/td><td class=\"column-7\"><\/td><td class=\"column-8\"><\/td><td class=\"column-9\"><\/td><td class=\"column-10\"><\/td><td class=\"column-11\"><\/td><td class=\"column-12\"><\/td><td class=\"column-13\"><\/td><td class=\"column-14\"><\/td>\n<\/tr>\n<tr class=\"row-17\">\n\t<td class=\"column-1\"><span class=\"salle\">Tir \u00e0 18m<\/span><br \/>\nle 20\/12\/2024 - Rennes<\/td><td class=\"column-2\"><\/td><td class=\"column-3\"><\/td><td class=\"column-4\"><\/td><td class=\"column-5\"><\/td><td class=\"column-6\">CL<br \/>\n<span class=\"points\">534<\/span> <span class=\"place1\">1<\/span><\/td><td class=\"column-7\"><\/td><td class=\"column-8\"><\/td><td class=\"column-9\"><\/td><td class=\"column-10\"><\/td><td class=\"column-11\"><\/td><td class=\"column-12\"><\/td><td class=\"column-13\"><\/td><td class=\"column-14\"><\/td>\n<\/tr>\n<tr class=\"row-18\">\n\t<td class=\"column-1\"><span class=\"salle\">Tir \u00e0 18m<\/span><br \/>\ndu 21\/12\/2024 au 22\/12\/2024 - Dinan<\/td><td class=\"column-2\"><\/td><td class=\"column-3\"><\/td><td class=\"column-4\"><\/td><td class=\"column-5\">BB<br \/>\n<span class=\"points\">368<\/span> <span class=\"place\">11<\/span><\/td><td class=\"column-6\">CL<br \/>\n<span class=\"points\">519<\/span> <span class=\"place1\">1<\/span><\/td><td class=\"column-7\"><\/td><td class=\"column-8\"><\/td><td class=\"column-9\"><\/td><td class=\"column-10\"><\/td><td class=\"column-11\">BB<br \/>\n<span class=\"points\">260<\/span> <span class=\"place\">21<\/span><\/td><td class=\"column-12\">BB<br \/>\n<span class=\"points\">373<\/span> <span class=\"place\">17<\/span><\/td><td class=\"column-13\">BB<br \/>\n<span class=\"points\">440<\/span> <span class=\"place\">4<\/span><\/td><td class=\"column-14\"><\/td>\n<\/tr>\n<tr class=\"row-19\">\n\t<td class=\"column-1\"><\/td><td class=\"column-2\"><\/td><td class=\"column-3\"><\/td><td class=\"column-4\"><\/td><td class=\"column-5\"><\/td><td class=\"column-6\"><\/td><td class=\"column-7\"><\/td><td class=\"column-8\"><\/td><td class=\"column-9\"><\/td><td class=\"column-10\"><\/td><td class=\"column-11\"><\/td><td class=\"column-12\"><\/td><td class=\"column-13\"><\/td><td class=\"column-14\"><\/td>\n<\/tr>\n<tr class=\"row-20\">\n\t<td class=\"column-1\">Nombre de participations<\/td><td class=\"column-2\">2<\/td><td class=\"column-3\">2<\/td><td class=\"column-4\">2<\/td><td class=\"column-5\">2<\/td><td class=\"column-6\">12<\/td><td class=\"column-7\">4<\/td><td class=\"column-8\">2<\/td><td class=\"column-9\">1<\/td><td class=\"column-10\">2<\/td><td class=\"column-11\">1<\/td><td class=\"column-12\">1<\/td><td class=\"column-13\">1<\/td><td class=\"column-14\">34<\/td>\n<\/tr>\n<tr class=\"row-21\">\n\t<td class=\"column-1\"><span class=\"place1\">M\u00e9dailles d'Or<\/span><\/td><td class=\"column-2\">1<\/td><td class=\"column-3\">0<\/td><td class=\"column-4\">0<\/td><td class=\"column-5\">1<\/td><td class=\"column-6\">8<\/td><td class=\"column-7\">0<\/td><td class=\"column-8\">0<\/td><td class=\"column-9\">0<\/td><td class=\"column-10\">0<\/td><td class=\"column-11\">0<\/td><td class=\"column-12\">0<\/td><td class=\"column-13\">0<\/td><td class=\"column-14\">10<\/td>\n<\/tr>\n<tr class=\"row-22\">\n\t<td class=\"column-1\"><span class=\"place2\">M\u00e9dailles d'Argent<\/span><\/td><td class=\"column-2\">1<\/td><td class=\"column-3\">0<\/td><td class=\"column-4\">0<\/td><td class=\"column-5\">0<\/td><td class=\"column-6\">1<\/td><td class=\"column-7\">1<\/td><td class=\"column-8\">0<\/td><td class=\"column-9\">0<\/td><td class=\"column-10\">0<\/td><td class=\"column-11\">0<\/td><td class=\"column-12\">0<\/td><td class=\"column-13\">0<\/td><td class=\"column-14\">3<\/td>\n<\/tr>\n<tr class=\"row-23\">\n\t<td class=\"column-1\"><span class=\"place3\">M\u00e9daille de Bronze<\/span><\/td><td class=\"column-2\">0<\/td><td class=\"column-3\">0<\/td><td class=\"column-4\">0<\/td><td class=\"column-5\">0<\/td><td class=\"column-6\">1<\/td><td class=\"column-7\">2<\/td><td class=\"column-8\">1<\/td><td class=\"column-9\">0<\/td><td class=\"column-10\">0<\/td><td class=\"column-11\">0<\/td><td class=\"column-12\">0<\/td><td class=\"column-13\">0<\/td><td class=\"column-14\">4<\/td>\n<\/tr>\n<tr class=\"row-24\">\n\t<td class=\"column-1\"><\/td><td class=\"column-2\">2<\/td><td class=\"column-3\">0<\/td><td class=\"column-4\">0<\/td><td class=\"column-5\">1<\/td><td class=\"column-6\">10<\/td><td class=\"column-7\">3<\/td><td class=\"column-8\">1<\/td><td class=\"column-9\">0<\/td><td class=\"column-10\">0<\/td><td class=\"column-11\">0<\/td><td class=\"column-12\">0<\/td><td class=\"column-13\">0<\/td><td class=\"column-14\">17<\/td>\n<\/tr>\n<\/tbody>\n<\/table>\n<!-- #tablepress-3 from cache -->\n<\/div>\n<\/div><\/div>\n\n\n\n<p class=\"wp-block-paragraph\"><\/p>\n","protected":false},"excerpt":{"rendered":"<p>R\u00e9sultats d\u00e9taill\u00e9s :<span class=\"more-link\"><a href=\"https:\/\/esperancechavagne.fr\/tiralarc\/calendrier-des-concours-a-venir\/saison-2024-2025\/\">&raquo; Lire la suite &laquo;<\/a><\/span><\/p>\n","protected":false},"author":2,"featured_media":0,"parent":8596,"menu_order":0,"comment_status":"closed","ping_status":"closed","template":"","meta":{"_crdt_document":"","ghostkit_customizer_options":"","ghostkit_custom_css":"","ghostkit_custom_js_head":"","ghostkit_custom_js_foot":"","ghostkit_typography":"","_themeisle_gutenberg_block_has_review":false,"footnotes":""},"class_list":["entry","author-annesophiem","post-8658","page","type-page","status-publish"],"_links":{"self":[{"href":"https:\/\/esperancechavagne.fr\/tiralarc\/wp-json\/wp\/v2\/pages\/8658","targetHints":{"allow":["GET"]}}],"collection":[{"href":"https:\/\/esperancechavagne.fr\/tiralarc\/wp-json\/wp\/v2\/pages"}],"about":[{"href":"https:\/\/esperancechavagne.fr\/tiralarc\/wp-json\/wp\/v2\/types\/page"}],"author":[{"embeddable":true,"href":"https:\/\/esperancechavagne.fr\/tiralarc\/wp-json\/wp\/v2\/users\/2"}],"replies":[{"embeddable":true,"href":"https:\/\/esperancechavagne.fr\/tiralarc\/wp-json\/wp\/v2\/comments?post=8658"}],"version-history":[{"count":2,"href":"https:\/\/esperancechavagne.fr\/tiralarc\/wp-json\/wp\/v2\/pages\/8658\/revisions"}],"predecessor-version":[{"id":8666,"href":"https:\/\/esperancechavagne.fr\/tiralarc\/wp-json\/wp\/v2\/pages\/8658\/revisions\/8666"}],"up":[{"embeddable":true,"href":"https:\/\/esperancechavagne.fr\/tiralarc\/wp-json\/wp\/v2\/pages\/8596"}],"wp:attachment":[{"href":"https:\/\/esperancechavagne.fr\/tiralarc\/wp-json\/wp\/v2\/media?parent=8658"}],"curies":[{"name":"wp","href":"https:\/\/api.w.org\/{rel}","templated":true}]}}