{"id":671,"date":"2018-10-15T13:01:21","date_gmt":"2018-10-15T11:01:21","guid":{"rendered":"http:\/\/esperancechavagne.fr\/tiralarc\/?page_id=671"},"modified":"2024-11-08T13:27:23","modified_gmt":"2024-11-08T12:27:23","slug":"resultats-2018-2019","status":"publish","type":"page","link":"https:\/\/esperancechavagne.fr\/tiralarc\/calendrier-des-concours-a-venir\/resultats-2018-2019\/","title":{"rendered":"R\u00e9sultats 2018-2019"},"content":{"rendered":"\n<div class=\"wp-block-group\"><div class=\"wp-block-group__inner-container is-layout-flow wp-block-group-is-layout-flow\">\n<h2 class=\"wp-block-heading\">Palmares<\/h2>\n\n\n\n<div class=\"wp-block-themeisle-blocks-advanced-columns has-3-columns has-desktop-equal-layout has-tablet-equal-layout has-mobile-collapsedRows-layout has-default-gap has-vertical-flex-start\" id=\"wp-block-themeisle-blocks-advanced-columns-03a9a0e6\"><div class=\"wp-block-themeisle-blocks-advanced-columns-overlay\"><\/div><div class=\"innerblocks-wrap\">\n<div class=\"wp-block-themeisle-blocks-advanced-column\" id=\"wp-block-themeisle-blocks-advanced-column-e1dea040\">\n<div class=\"wp-block-group ghostkit-has-frame ghostkit-custom-Z1h0F5C\"><div class=\"wp-block-group__inner-container is-layout-flow wp-block-group-is-layout-flow\">\n<p class=\"wp-block-themeisle-blocks-font-awesome-icons\" id=\"wp-block-themeisle-blocks-font-awesome-icons-8a61aa5a\"><span class=\"wp-block-themeisle-blocks-font-awesome-icons-container\"><i class=\"fas fa-medal\"><\/i><\/span><\/p>\n\n\n\n<p class=\"has-text-align-center has-black-color has-text-color has-background wp-block-paragraph\" style=\"background-color:#c0c0c0\"><strong>Argent<br>5<\/strong><\/p>\n<\/div><\/div>\n<\/div>\n\n\n\n<div class=\"wp-block-themeisle-blocks-advanced-column\" id=\"wp-block-themeisle-blocks-advanced-column-ea98114f\">\n<div class=\"wp-block-group ghostkit-has-frame ghostkit-custom-Z2jtGfA\"><div class=\"wp-block-group__inner-container is-layout-flow wp-block-group-is-layout-flow\">\n<p class=\"wp-block-themeisle-blocks-font-awesome-icons\" id=\"wp-block-themeisle-blocks-font-awesome-icons-6a5a7a76\"><span class=\"wp-block-themeisle-blocks-font-awesome-icons-container\"><i class=\"fas fa-medal\"><\/i><\/span><\/p>\n\n\n\n<p class=\"has-text-align-center has-black-color has-text-color has-background wp-block-paragraph\" style=\"background-color:#ffd700\"><strong>Or<br>14<\/strong><\/p>\n<\/div><\/div>\n<\/div>\n\n\n\n<div class=\"wp-block-themeisle-blocks-advanced-column\" id=\"wp-block-themeisle-blocks-advanced-column-fecdb2ee\">\n<div class=\"wp-block-group ghostkit-has-frame ghostkit-custom-ZoWnqk\"><div class=\"wp-block-group__inner-container is-layout-flow wp-block-group-is-layout-flow\">\n<p class=\"wp-block-themeisle-blocks-font-awesome-icons\" id=\"wp-block-themeisle-blocks-font-awesome-icons-20e8143a\"><span class=\"wp-block-themeisle-blocks-font-awesome-icons-container\"><i class=\"fas fa-medal\"><\/i><\/span><\/p>\n\n\n\n<p class=\"has-text-align-center has-black-color has-text-color has-background wp-block-paragraph\" style=\"background-color:#b36700\"><strong>Bronze<br>8<\/strong><\/p>\n<\/div><\/div>\n<\/div>\n<\/div><\/div>\n\n\n\n<div class=\"wp-block-group\"><div class=\"wp-block-group__inner-container is-layout-flow wp-block-group-is-layout-flow\">\n<p class=\"has-text-align-center has-black-color has-text-color has-background wp-block-paragraph\" style=\"background-color:#ffd700\"><strong>1i\u00e8re place au Championnat R\u00e9gional de Bretagne &#8211; Tir 3D<\/strong><\/p>\n\n\n\n<p class=\"has-text-align-center wp-block-paragraph\">Concours Tir 3D de Ploeuc-sur-Li\u00e9 :<br><strong>Jo &#8211; S3F BB<\/strong><\/p>\n<\/div><\/div>\n<\/div><\/div>\n\n\n\n<div class=\"wp-block-group\"><div class=\"wp-block-group__inner-container is-layout-flow wp-block-group-is-layout-flow\">\n<h2 class=\"wp-block-heading\">R\u00e9sultats des Concours<\/h2>\n\n\n\n<div class=\"wp-block-image\"><figure class=\"aligncenter\"><a href=\"https:\/\/esperancechavagne.fr\/tiralarc\/wp-content\/uploads\/concours\/2018-2019\/resultats_2018-2019.png\"><img decoding=\"async\" src=\"https:\/\/esperancechavagne.fr\/tiralarc\/wp-content\/uploads\/concours\/2018-2019\/resultats_2018-2019.png\" alt=\"\" class=\"wp-image-1265\"\/><\/a><\/figure><\/div>\n\n\n\n<div class=\"wp-block-file aligncenter\"><a href=\"https:\/\/esperancechavagne.fr\/tiralarc\/wp-content\/uploads\/concours\/2018-2019\/resultats_2018-2019.pdf\">resultats_2018-2019<\/a><a href=\"https:\/\/esperancechavagne.fr\/tiralarc\/wp-content\/uploads\/concours\/2018-2019\/resultats_2018-2019.pdf\" class=\"wp-block-file__button\" download>T\u00e9l\u00e9charger au format *pdf<\/a><\/div>\n<\/div><\/div>\n\n\n\n<div class=\"wp-block-group\"><div class=\"wp-block-group__inner-container is-layout-flow wp-block-group-is-layout-flow\">\n<h2 class=\"wp-block-heading\">Bilan de la saison<\/h2>\n\n\n\n<ul class=\"wp-block-list\"><li>14 comp\u00e9titeurs<\/li><li>81 participations \u00e0 16 concours<ul><li>4 concours salles<\/li><li>12 concours 3D<\/li><\/ul><\/li><li>27 podiums<ul><li>14 m\u00e9dailles d&rsquo;Or &#8211;  1 Championne R\u00e9gionnal de Bretagne tir 3D cat\u00e9gorie S3F <\/li><li>5 m\u00e9dailles d&rsquo;Argent<\/li><li>8 m\u00e9dailles de Bronze<\/li><\/ul><\/li><\/ul>\n<\/div><\/div>\n\n\n\n<p class=\"wp-block-paragraph\"><\/p>\n","protected":false},"excerpt":{"rendered":"<p>Palmares 1i\u00e8re place au Championnat R\u00e9gional de Bretagne &#8211; Tir 3D Concours Tir 3D de Ploeuc-sur-Li\u00e9 :Jo &#8211; S3F BB R\u00e9sultats des Concours Bilan de la saison 14 comp\u00e9titeurs 81 participations \u00e0 16 concours 4 concours salles 12 concours 3D 27 podiums 14 m\u00e9dailles d&rsquo;Or &#8211; 1 Championne R\u00e9gionnal de<span class=\"more-link\"><a href=\"https:\/\/esperancechavagne.fr\/tiralarc\/calendrier-des-concours-a-venir\/resultats-2018-2019\/\">&raquo; Lire la suite &laquo;<\/a><\/span><\/p>\n","protected":false},"author":2,"featured_media":2267,"parent":8596,"menu_order":5,"comment_status":"closed","ping_status":"closed","template":"","meta":{"_crdt_document":"","ghostkit_customizer_options":"","ghostkit_custom_css":"","ghostkit_custom_js_head":"","ghostkit_custom_js_foot":"","ghostkit_typography":"","_themeisle_gutenberg_block_has_review":false,"footnotes":""},"class_list":["entry","author-annesophiem","post-671","page","type-page","status-publish","has-post-thumbnail"],"_links":{"self":[{"href":"https:\/\/esperancechavagne.fr\/tiralarc\/wp-json\/wp\/v2\/pages\/671","targetHints":{"allow":["GET"]}}],"collection":[{"href":"https:\/\/esperancechavagne.fr\/tiralarc\/wp-json\/wp\/v2\/pages"}],"about":[{"href":"https:\/\/esperancechavagne.fr\/tiralarc\/wp-json\/wp\/v2\/types\/page"}],"author":[{"embeddable":true,"href":"https:\/\/esperancechavagne.fr\/tiralarc\/wp-json\/wp\/v2\/users\/2"}],"replies":[{"embeddable":true,"href":"https:\/\/esperancechavagne.fr\/tiralarc\/wp-json\/wp\/v2\/comments?post=671"}],"version-history":[{"count":21,"href":"https:\/\/esperancechavagne.fr\/tiralarc\/wp-json\/wp\/v2\/pages\/671\/revisions"}],"predecessor-version":[{"id":3423,"href":"https:\/\/esperancechavagne.fr\/tiralarc\/wp-json\/wp\/v2\/pages\/671\/revisions\/3423"}],"up":[{"embeddable":true,"href":"https:\/\/esperancechavagne.fr\/tiralarc\/wp-json\/wp\/v2\/pages\/8596"}],"wp:featuredmedia":[{"embeddable":true,"href":"https:\/\/esperancechavagne.fr\/tiralarc\/wp-json\/wp\/v2\/media\/2267"}],"wp:attachment":[{"href":"https:\/\/esperancechavagne.fr\/tiralarc\/wp-json\/wp\/v2\/media?parent=671"}],"curies":[{"name":"wp","href":"https:\/\/api.w.org\/{rel}","templated":true}]}}