{"id":630,"date":"2018-10-14T17:40:29","date_gmt":"2018-10-14T15:40:29","guid":{"rendered":"http:\/\/esperancechavagne.fr\/tiralarc\/?page_id=630"},"modified":"2024-11-08T13:27:23","modified_gmt":"2024-11-08T12:27:23","slug":"resultats-2017-2018","status":"publish","type":"page","link":"https:\/\/esperancechavagne.fr\/tiralarc\/calendrier-des-concours-a-venir\/resultats-2017-2018\/","title":{"rendered":"R\u00e9sultats 2017-2018"},"content":{"rendered":"\n<div class=\"wp-block-group\"><div class=\"wp-block-group__inner-container is-layout-flow wp-block-group-is-layout-flow\">\n<h2 class=\"wp-block-heading\">Palmar\u00e8s<\/h2>\n\n\n\n<div class=\"wp-block-themeisle-blocks-advanced-columns has-3-columns has-desktop-equal-layout has-tablet-equal-layout has-mobile-collapsedRows-layout has-default-gap has-vertical-unset\" id=\"wp-block-themeisle-blocks-advanced-columns-03a9a0e6\"><div class=\"wp-block-themeisle-blocks-advanced-columns-overlay\"><\/div><div class=\"innerblocks-wrap\">\n<div class=\"wp-block-themeisle-blocks-advanced-column\" id=\"wp-block-themeisle-blocks-advanced-column-e1dea040\">\n<div class=\"wp-block-group ghostkit-has-frame ghostkit-custom-Z1h0F5C\"><div class=\"wp-block-group__inner-container is-layout-flow wp-block-group-is-layout-flow\">\n<p class=\"wp-block-themeisle-blocks-font-awesome-icons\" id=\"wp-block-themeisle-blocks-font-awesome-icons-8a61aa5a\"><span class=\"wp-block-themeisle-blocks-font-awesome-icons-container\"><i class=\"fas fa-medal\"><\/i><\/span><\/p>\n\n\n\n<p class=\"has-text-align-center has-black-color has-text-color has-background wp-block-paragraph\" style=\"background-color:#c0c0c0\"><strong>Argent<br>4<\/strong><\/p>\n<\/div><\/div>\n<\/div>\n\n\n\n<div class=\"wp-block-themeisle-blocks-advanced-column\" id=\"wp-block-themeisle-blocks-advanced-column-ea98114f\">\n<div class=\"wp-block-group ghostkit-has-frame ghostkit-custom-Z2jtGfA\"><div class=\"wp-block-group__inner-container is-layout-flow wp-block-group-is-layout-flow\">\n<p class=\"wp-block-themeisle-blocks-font-awesome-icons\" id=\"wp-block-themeisle-blocks-font-awesome-icons-6a5a7a76\"><span class=\"wp-block-themeisle-blocks-font-awesome-icons-container\"><i class=\"fas fa-medal\"><\/i><\/span><\/p>\n\n\n\n<p class=\"has-text-align-center has-black-color has-text-color has-background wp-block-paragraph\" style=\"background-color:#ffd700\"><strong>Or<br>12<\/strong><\/p>\n<\/div><\/div>\n<\/div>\n\n\n\n<div class=\"wp-block-themeisle-blocks-advanced-column\" id=\"wp-block-themeisle-blocks-advanced-column-fecdb2ee\">\n<div class=\"wp-block-group ghostkit-has-frame ghostkit-custom-ZoWnqk\"><div class=\"wp-block-group__inner-container is-layout-flow wp-block-group-is-layout-flow\">\n<p class=\"wp-block-themeisle-blocks-font-awesome-icons\" id=\"wp-block-themeisle-blocks-font-awesome-icons-20e8143a\"><span class=\"wp-block-themeisle-blocks-font-awesome-icons-container\"><i class=\"fas fa-medal\"><\/i><\/span><\/p>\n\n\n\n<p class=\"has-text-align-center has-black-color has-text-color has-background wp-block-paragraph\" style=\"background-color:#b36700\"><strong>Bronze<br>12<\/strong><\/p>\n<\/div><\/div>\n<\/div>\n<\/div><\/div>\n\n\n\n<div class=\"wp-block-group ghostkit-has-frame ghostkit-custom-Z1Cp9zB\"><div class=\"wp-block-group__inner-container is-layout-flow wp-block-group-is-layout-flow\">\n<p class=\"has-text-align-center has-black-color has-text-color has-background wp-block-paragraph\" style=\"background-color:#ffd700\"><strong>1i\u00e8re place au Championnat D\u00e9partemental d&rsquo;Ille-et-Vilaine&nbsp;&#8211; F\u00e9d\u00e9ral&nbsp;<\/strong><\/p>\n\n\n\n<p class=\"has-text-align-center wp-block-paragraph\">Concours F\u00e9d\u00e9ral de Thorign\u00e9 Fouillard :<br><strong>Jo &#8211; SVF CL<\/strong><\/p>\n<\/div><\/div>\n\n\n\n<div class=\"wp-block-group ghostkit-has-frame ghostkit-custom-2b3S6\"><div class=\"wp-block-group__inner-container is-layout-flow wp-block-group-is-layout-flow\">\n<p class=\"has-text-align-center has-black-color has-text-color has-background wp-block-paragraph\" style=\"background-color:#c0c0c0\"><strong>2nde place au Championnat R\u00e9gionnal Bretagne&nbsp;&#8211; F\u00e9d\u00e9ral<\/strong><\/p>\n\n\n\n<p class=\"has-text-align-center has-normal-font-size wp-block-paragraph\">Concours F\u00e9d\u00e9ral de Loud\u00e9ac :<br><strong>Jo &#8211; SVF CL<\/strong><\/p>\n<\/div><\/div>\n<\/div><\/div>\n\n\n\n<div class=\"wp-block-group\"><div class=\"wp-block-group__inner-container is-layout-flow wp-block-group-is-layout-flow\">\n<h2 class=\"wp-block-heading\">R\u00e9sultats des concours<\/h2>\n\n\n\n<div class=\"wp-block-image\"><figure class=\"aligncenter\"><a href=\"https:\/\/esperancechavagne.fr\/tiralarc\/wp-content\/uploads\/concours\/2017-2018\/resultats_2017-2018.png\"><img loading=\"lazy\" decoding=\"async\" width=\"1086\" height=\"656\" src=\"https:\/\/esperancechavagne.fr\/tiralarc\/wp-content\/uploads\/concours\/2017-2018\/resultats_2017-2018.png\" alt=\"R\u00e9sultats 2017-2018\" class=\"wp-image-1066\" srcset=\"https:\/\/esperancechavagne.fr\/tiralarc\/wp-content\/uploads\/concours\/2017-2018\/resultats_2017-2018.png 1086w, https:\/\/esperancechavagne.fr\/tiralarc\/wp-content\/uploads\/concours\/2017-2018\/resultats_2017-2018-300x181.png 300w, https:\/\/esperancechavagne.fr\/tiralarc\/wp-content\/uploads\/concours\/2017-2018\/resultats_2017-2018-768x464.png 768w, https:\/\/esperancechavagne.fr\/tiralarc\/wp-content\/uploads\/concours\/2017-2018\/resultats_2017-2018-1024x619.png 1024w, https:\/\/esperancechavagne.fr\/tiralarc\/wp-content\/uploads\/concours\/2017-2018\/resultats_2017-2018-425x257.png 425w\" sizes=\"auto, (max-width: 1086px) 100vw, 1086px\" \/><\/a><\/figure><\/div>\n\n\n\n<div class=\"wp-block-file aligncenter\"><a href=\"https:\/\/esperancechavagne.fr\/tiralarc\/wp-content\/uploads\/concours\/2017-2018\/R\u00e9sultats-2017-2018.pdf\">R\u00e9sultats 2017-2018<\/a><a href=\"https:\/\/esperancechavagne.fr\/tiralarc\/wp-content\/uploads\/concours\/2017-2018\/R\u00e9sultats-2017-2018.pdf\" class=\"wp-block-file__button\" download>T\u00e9l\u00e9charger au format *pdf<\/a><\/div>\n<\/div><\/div>\n\n\n\n<div class=\"wp-block-group\"><div class=\"wp-block-group__inner-container is-layout-flow wp-block-group-is-layout-flow\">\n<h2 class=\"wp-block-heading\">Bilan<\/h2>\n\n\n\n<ul class=\"wp-block-list\"><li>12 comp\u00e9titeurs<\/li><li>48 participations\n<ul><li>6 3D<\/li><li>2 F\u00e9d\u00e9ral<\/li><li>2 Beursault<\/li><li>1 salle<\/li><\/ul>\n<\/li><li>22 podiums\n<ul><li>12 1<sup>i\u00e8re<\/sup> place &#8211; dont 1 au Championnat D\u00e9partemental 35 F\u00e9d\u00e9ral<\/li><li>4 2<sup>nde<\/sup> place &#8211; dont 1 au Championnat R\u00e9gional Bretagne F\u00e9d\u00e9ral<\/li><li>6 3<sup>i\u00e8me<\/sup> place<\/li><\/ul>\n<\/li><li>2 classements en \u00e9quipe 3D\n<ul><li>Equipe masculine<\/li><\/ul>\n<\/li><\/ul>\n<\/div><\/div>\n\n\n\n<p class=\"wp-block-paragraph\"><\/p>\n","protected":false},"excerpt":{"rendered":"<p>Palmar\u00e8s 1i\u00e8re place au Championnat D\u00e9partemental d&rsquo;Ille-et-Vilaine&nbsp;&#8211; F\u00e9d\u00e9ral&nbsp; Concours F\u00e9d\u00e9ral de Thorign\u00e9 Fouillard :Jo &#8211; SVF CL 2nde place au Championnat R\u00e9gionnal Bretagne&nbsp;&#8211; F\u00e9d\u00e9ral Concours F\u00e9d\u00e9ral de Loud\u00e9ac :Jo &#8211; SVF CL R\u00e9sultats des concours Bilan 12 comp\u00e9titeurs 48 participations 6 3D 2 F\u00e9d\u00e9ral 2 Beursault 1 salle 22 podiums<span class=\"more-link\"><a href=\"https:\/\/esperancechavagne.fr\/tiralarc\/calendrier-des-concours-a-venir\/resultats-2017-2018\/\">&raquo; Lire la suite &laquo;<\/a><\/span><\/p>\n","protected":false},"author":2,"featured_media":2267,"parent":8596,"menu_order":6,"comment_status":"closed","ping_status":"closed","template":"","meta":{"_crdt_document":"","ghostkit_customizer_options":"","ghostkit_custom_css":"","ghostkit_custom_js_head":"","ghostkit_custom_js_foot":"","ghostkit_typography":"","_themeisle_gutenberg_block_has_review":false,"footnotes":""},"class_list":["entry","author-annesophiem","post-630","page","type-page","status-publish","has-post-thumbnail"],"_links":{"self":[{"href":"https:\/\/esperancechavagne.fr\/tiralarc\/wp-json\/wp\/v2\/pages\/630","targetHints":{"allow":["GET"]}}],"collection":[{"href":"https:\/\/esperancechavagne.fr\/tiralarc\/wp-json\/wp\/v2\/pages"}],"about":[{"href":"https:\/\/esperancechavagne.fr\/tiralarc\/wp-json\/wp\/v2\/types\/page"}],"author":[{"embeddable":true,"href":"https:\/\/esperancechavagne.fr\/tiralarc\/wp-json\/wp\/v2\/users\/2"}],"replies":[{"embeddable":true,"href":"https:\/\/esperancechavagne.fr\/tiralarc\/wp-json\/wp\/v2\/comments?post=630"}],"version-history":[{"count":45,"href":"https:\/\/esperancechavagne.fr\/tiralarc\/wp-json\/wp\/v2\/pages\/630\/revisions"}],"predecessor-version":[{"id":3420,"href":"https:\/\/esperancechavagne.fr\/tiralarc\/wp-json\/wp\/v2\/pages\/630\/revisions\/3420"}],"up":[{"embeddable":true,"href":"https:\/\/esperancechavagne.fr\/tiralarc\/wp-json\/wp\/v2\/pages\/8596"}],"wp:featuredmedia":[{"embeddable":true,"href":"https:\/\/esperancechavagne.fr\/tiralarc\/wp-json\/wp\/v2\/media\/2267"}],"wp:attachment":[{"href":"https:\/\/esperancechavagne.fr\/tiralarc\/wp-json\/wp\/v2\/media?parent=630"}],"curies":[{"name":"wp","href":"https:\/\/api.w.org\/{rel}","templated":true}]}}