{"id":6,"date":"2018-03-03T13:08:33","date_gmt":"2018-03-03T12:08:33","guid":{"rendered":"http:\/\/esperancechavagne.fr\/tiralarc\/?page_id=6"},"modified":"2022-09-14T19:06:28","modified_gmt":"2022-09-14T17:06:28","slug":"la-section","status":"publish","type":"page","link":"https:\/\/esperancechavagne.fr\/tiralarc\/la-section\/","title":{"rendered":"La section"},"content":{"rendered":"<div class=\"wp-block-image ticss-95112d22\">\n<figure class=\"alignleft size-full\"><img loading=\"lazy\" decoding=\"async\" width=\"150\" height=\"150\" src=\"https:\/\/esperancechavagne.fr\/tiralarc\/wp-content\/uploads\/design\/pages\/logo_esperance.png\" alt=\"Esp\u00e9rance de Chavagne\" class=\"wp-image-6436\"\/><\/figure>\n<\/div>\n\n\n<h2 class=\"wp-block-heading\" id=\"l-esperance\">L&rsquo;Esp\u00e9rance<\/h2>\n\n\n\n<p class=\"wp-block-paragraph\">Notre club est une section de l\u2019association sportive et culturelle Esp\u00e9rance de Chavagne elle m\u00eame affili\u00e9e \u00e0 F.S.C.F. (F\u00e9d\u00e9ration Sportive et Culturelle de France).<\/p>\n\n\n\n<p class=\"wp-block-paragraph\">L\u2019Esp\u00e9rance de Chavagne est n\u00e9e le 15 juin 1945, il s\u2019agit d\u2019une association de type loi 1901. Cr\u00e9\u00e9e au sortir de la guerre, le nom <em>Esp\u00e9rance<\/em> n\u2019est pas le fruit du hasard.<\/p>\n\n\n\n<p class=\"wp-block-paragraph\">Au sein de l\u2019association la notion de personne appara\u00eet comme essentielle : chacun a sa dimension, sa personnalit\u00e9. Il faut permettre \u00e0 tous de prendre des responsabilit\u00e9s dans le souci du lendemain et d\u2019une formation globale.<\/p>\n\n\n\n<p class=\"wp-block-paragraph\">L\u2019association est totalement g\u00e9r\u00e9e tant du point de vue administratif, que mat\u00e9riel ou encadrement par des b\u00e9n\u00e9voles, qui au fil des ann\u00e9es ont construit ou r\u00e9nov\u00e9 l\u2019ensemble des b\u00e2timents utilis\u00e9s par ses diff\u00e9rentes sections.<\/p>\n\n\n\n<div style=\"height:50px\" aria-hidden=\"true\" class=\"wp-block-spacer\"><\/div>\n\n\n<div class=\"wp-block-image ticss-8ff938ca\">\n<figure class=\"alignleft size-full\"><img loading=\"lazy\" decoding=\"async\" width=\"150\" height=\"150\" src=\"https:\/\/esperancechavagne.fr\/tiralarc\/wp-content\/uploads\/design\/articles\/Logo_text_archers_chavagne@0.25x.png\" alt=\"articles - Logo_text_archers_chavagne@0.25x\" class=\"wp-image-6862\"\/><\/figure>\n<\/div>\n\n\n<h2 class=\"wp-block-heading\" id=\"la-section-tir-a-l-arc\">La section Tir \u00e0 l&rsquo;arc<\/h2>\n\n\n\n<p class=\"wp-block-paragraph\">C\u2019est en octobre 1990, que quelques adh\u00e9rents d\u00e9cident de cr\u00e9er une nouvelle section au sein de l\u2019Esp\u00e9rance pour pratiquer le tir \u00e0 l\u2019arc.<\/p>\n\n\n\n<p class=\"wp-block-paragraph\">La nouvelle section s\u2019\u00e9quipe de quelques arcs d\u2019initiation et pratique le tir en loisir.<\/p>\n\n\n\n<p class=\"wp-block-paragraph\">Le 13 f\u00e9vrier 2012, la F.F.T.A. (F\u00e9d\u00e9ration Fran\u00e7aise de Tir \u00e0 l\u2019Arc) a accord\u00e9 aux Archers de Chavagne, pour la p\u00e9riode du 21 d\u00e9cembre 2011 au 31 ao\u00fbt 2014, le label \u00ab\u00a0BRONZE\u00a0\u00bb en reconnaissance de l&rsquo;action du club et de ses encadrants pour la qualit\u00e9 de ses infrastructures et de son enseignement du tir \u00e0 l&rsquo;arc.<\/p>\n\n\n\n<p class=\"wp-block-paragraph\">Depuis lors la section continue d&rsquo;accueillir de nouveaux membres pour partager sa passion des diff\u00e9rentes disciplines et accompagner les plus exp\u00e9riment\u00e9s qui le d\u00e9sirent vers la comp\u00e9tition.<\/p>\n\n\n\n<p class=\"wp-block-paragraph\">Si le tir \u00e0 l&rsquo;arc vous int\u00e9resse, pour le loisir ou la comp\u00e9tition, vous pourrez le pratiquer dans une ambiance avant tout conviviale.<\/p>\n","protected":false},"excerpt":{"rendered":"<p>L&rsquo;Esp\u00e9rance Notre club est une section de l\u2019association sportive et culturelle Esp\u00e9rance de Chavagne elle m\u00eame affili\u00e9e \u00e0 F.S.C.F. (F\u00e9d\u00e9ration Sportive et Culturelle de France). L\u2019Esp\u00e9rance de Chavagne est n\u00e9e le 15 juin 1945, il s\u2019agit d\u2019une association de type loi 1901. Cr\u00e9\u00e9e au sortir de la guerre, le nom<span class=\"more-link\"><a href=\"https:\/\/esperancechavagne.fr\/tiralarc\/la-section\/\">&raquo; Lire la suite &laquo;<\/a><\/span><\/p>\n","protected":false},"author":1,"featured_media":0,"parent":0,"menu_order":0,"comment_status":"closed","ping_status":"closed","template":"","meta":{"_crdt_document":"","ghostkit_customizer_options":"","ghostkit_custom_css":"","ghostkit_custom_js_head":"","ghostkit_custom_js_foot":"","ghostkit_typography":"","_themeisle_gutenberg_block_has_review":false,"footnotes":""},"class_list":["entry","author-damienm","post-6","page","type-page","status-publish"],"_links":{"self":[{"href":"https:\/\/esperancechavagne.fr\/tiralarc\/wp-json\/wp\/v2\/pages\/6","targetHints":{"allow":["GET"]}}],"collection":[{"href":"https:\/\/esperancechavagne.fr\/tiralarc\/wp-json\/wp\/v2\/pages"}],"about":[{"href":"https:\/\/esperancechavagne.fr\/tiralarc\/wp-json\/wp\/v2\/types\/page"}],"author":[{"embeddable":true,"href":"https:\/\/esperancechavagne.fr\/tiralarc\/wp-json\/wp\/v2\/users\/1"}],"replies":[{"embeddable":true,"href":"https:\/\/esperancechavagne.fr\/tiralarc\/wp-json\/wp\/v2\/comments?post=6"}],"version-history":[{"count":19,"href":"https:\/\/esperancechavagne.fr\/tiralarc\/wp-json\/wp\/v2\/pages\/6\/revisions"}],"predecessor-version":[{"id":6880,"href":"https:\/\/esperancechavagne.fr\/tiralarc\/wp-json\/wp\/v2\/pages\/6\/revisions\/6880"}],"wp:attachment":[{"href":"https:\/\/esperancechavagne.fr\/tiralarc\/wp-json\/wp\/v2\/media?parent=6"}],"curies":[{"name":"wp","href":"https:\/\/api.w.org\/{rel}","templated":true}]}}