{"id":4922,"date":"2021-11-23T17:37:11","date_gmt":"2021-11-23T16:37:11","guid":{"rendered":"https:\/\/esperancechavagne.fr\/tiralarc\/?page_id=4922"},"modified":"2024-11-08T13:27:23","modified_gmt":"2024-11-08T12:27:23","slug":"resultats-2021-2022","status":"publish","type":"page","link":"https:\/\/esperancechavagne.fr\/tiralarc\/calendrier-des-concours-a-venir\/resultats-2021-2022\/","title":{"rendered":"R\u00e9sultats 2021-2022"},"content":{"rendered":"\n<div class=\"wp-block-group\"><div class=\"wp-block-group__inner-container is-layout-constrained wp-block-group-is-layout-constrained\">\n<h2 class=\"wp-block-heading\" id=\"palmares\">Palmar\u00e8s<\/h2>\n\n\n\n<div id=\"wp-block-themeisle-blocks-advanced-columns-668d9c9d\" class=\"wp-block-themeisle-blocks-advanced-columns has-3-columns has-desktop-equal-layout has-tablet-equal-layout has-mobile-collapsedRows-layout has-vertical-unset\"><div class=\"wp-block-themeisle-blocks-advanced-columns-overlay\"><\/div><div class=\"innerblocks-wrap\">\n<div id=\"wp-block-themeisle-blocks-advanced-column-b5341a48\" class=\"wp-block-themeisle-blocks-advanced-column\">\n<div class=\"wp-block-group ghostkit-has-frame ghostkit-custom-Z2clrFd has-background is-vertical is-content-justification-center is-nowrap is-layout-flex wp-container-core-group-is-layout-66ac4510 wp-block-group-is-layout-flex\" style=\"background:linear-gradient(180deg,rgba(255,217,0,0) 0%,rgba(255,215,0,0.46) 100%);padding-top:var(--wp--preset--spacing--40);padding-right:var(--wp--preset--spacing--40);padding-bottom:var(--wp--preset--spacing--40);padding-left:var(--wp--preset--spacing--40)\">\n<div id=\"wp-block-themeisle-blocks-font-awesome-icons-30fef8eb\" class=\"wp-block-themeisle-blocks-font-awesome-icons\"><span class=\"wp-block-themeisle-blocks-font-awesome-icons-container\"><i class=\"fas fa-medal\"><\/i><\/span><\/div>\n\n\n\n<p class=\"has-text-align-center wp-block-paragraph\"><strong>M\u00e9dailles d&rsquo;Or<\/strong><\/p>\n\n\n\n<p class=\"has-text-align-center has-medium-font-size wp-block-paragraph\"><strong>26<\/strong><\/p>\n<\/div>\n<\/div>\n\n\n\n<div id=\"wp-block-themeisle-blocks-advanced-column-d4a8d716\" class=\"wp-block-themeisle-blocks-advanced-column\">\n<div class=\"wp-block-group ghostkit-has-frame ghostkit-custom-Z1ge5Bf has-black-color has-text-color has-background is-vertical is-content-justification-center is-nowrap is-layout-flex wp-container-core-group-is-layout-66ac4510 wp-block-group-is-layout-flex\" style=\"background:linear-gradient(180deg,rgb(255,255,255) 0%,rgba(192,192,192,0.46) 100%);padding-top:var(--wp--preset--spacing--40);padding-right:var(--wp--preset--spacing--40);padding-bottom:var(--wp--preset--spacing--40);padding-left:var(--wp--preset--spacing--40)\">\n<div id=\"wp-block-themeisle-blocks-font-awesome-icons-58adf5b0\" class=\"wp-block-themeisle-blocks-font-awesome-icons\"><span class=\"wp-block-themeisle-blocks-font-awesome-icons-container\"><i class=\"fas fa-medal\"><\/i><\/span><\/div>\n\n\n\n<p class=\"has-text-align-center wp-block-paragraph\"><strong>M\u00e9dailles d&rsquo;Argent<\/strong><\/p>\n\n\n\n<p class=\"has-text-align-center has-medium-font-size wp-block-paragraph\"><strong>15<\/strong><\/p>\n<\/div>\n<\/div>\n\n\n\n<div id=\"wp-block-themeisle-blocks-advanced-column-54f71f26\" class=\"wp-block-themeisle-blocks-advanced-column\">\n<div class=\"wp-block-group ghostkit-has-frame ghostkit-custom-Z2oMTIO has-black-color has-text-color has-background is-vertical is-content-justification-center is-nowrap is-layout-flex wp-container-core-group-is-layout-66ac4510 wp-block-group-is-layout-flex\" style=\"background:linear-gradient(180deg,rgb(255,255,255) 0%,rgba(156,82,33,0.46) 100%);padding-top:var(--wp--preset--spacing--40);padding-right:var(--wp--preset--spacing--40);padding-bottom:var(--wp--preset--spacing--40);padding-left:var(--wp--preset--spacing--40)\">\n<div id=\"wp-block-themeisle-blocks-font-awesome-icons-b7089560\" class=\"wp-block-themeisle-blocks-font-awesome-icons\"><span class=\"wp-block-themeisle-blocks-font-awesome-icons-container\"><i class=\"fas fa-medal\"><\/i><\/span><\/div>\n\n\n\n<p class=\"has-text-align-center wp-block-paragraph\"><strong>M\u00e9dailles de Bronze<\/strong><\/p>\n\n\n\n<p class=\"has-text-align-center has-medium-font-size wp-block-paragraph\"><strong>16<\/strong><\/p>\n<\/div>\n<\/div>\n<\/div><\/div>\n<\/div><\/div>\n\n\n\n<div class=\"wp-block-group\"><div class=\"wp-block-group__inner-container is-layout-constrained wp-block-group-is-layout-constrained\">\n<h2 class=\"wp-block-heading\" id=\"bilan-de-la-saison-2021-2022\">Bilan de la Saison 2021-2022<\/h2>\n\n\n\n<p class=\"wp-block-paragraph\">Nombre total de concours : 41<\/p>\n\n\n\n<p class=\"wp-block-paragraph\">3D : 14<\/p>\n\n\n\n<p class=\"wp-block-paragraph\">dont Indoor : 1<\/p>\n\n\n\n<p class=\"wp-block-paragraph\">Salle 15<\/p>\n\n\n\n<p class=\"wp-block-paragraph\">dont Loisirs : 1<\/p>\n\n\n\n<p class=\"wp-block-paragraph\">Nature 4<\/p>\n\n\n\n<p class=\"wp-block-paragraph\">TAE 7<\/p>\n\n\n\n<p class=\"wp-block-paragraph\">Troph\u00e9e des Mixtes 1<\/p>\n\n\n\n<p class=\"wp-block-paragraph\">Nombre de Championnats :<\/p>\n\n\n\n<p class=\"wp-block-paragraph\">CD 3<\/p>\n\n\n\n<p class=\"wp-block-paragraph\">CR 3<\/p>\n\n\n\n<p class=\"wp-block-paragraph\">CDF + CDF \u00c9lite 1<\/p>\n<\/div><\/div>\n\n\n\n<div class=\"wp-block-group\"><div class=\"wp-block-group__inner-container is-layout-constrained wp-block-group-is-layout-constrained\">\n<h2 class=\"wp-block-heading\" id=\"resultats-des-concours\">R\u00e9sultats des Concours<\/h2>\n\n\n\n<figure data-wp-context=\"{&quot;galleryId&quot;:&quot;69f5b20588040&quot;}\" data-wp-interactive=\"core\/gallery\" class=\"wp-block-gallery has-nested-images columns-default is-cropped wp-block-gallery-1 is-layout-flex wp-block-gallery-is-layout-flex\">\n<figure data-wp-context=\"{&quot;imageId&quot;:&quot;69f5b2058887a&quot;}\" data-wp-interactive=\"core\/image\" data-wp-key=\"69f5b2058887a\" class=\"wp-block-image size-large wp-lightbox-container\"><img loading=\"lazy\" decoding=\"async\" width=\"1024\" height=\"723\" data-wp-class--hide=\"state.isContentHidden\" data-wp-class--show=\"state.isContentVisible\" data-wp-init=\"callbacks.setButtonStyles\" data-wp-on--click=\"actions.showLightbox\" data-wp-on--load=\"callbacks.setButtonStyles\" data-wp-on--pointerdown=\"actions.preloadImage\" data-wp-on--pointerenter=\"actions.preloadImageWithDelay\" data-wp-on--pointerleave=\"actions.cancelPreload\" data-wp-on-window--resize=\"callbacks.setButtonStyles\" data-id=\"6709\" src=\"https:\/\/esperancechavagne.fr\/tiralarc\/wp-content\/uploads\/concours\/2021-2022\/resultats-2021-2022_1-1024x723.png\" alt=\"R\u00e9sultats 2021-2022\" class=\"wp-image-6709\" srcset=\"https:\/\/esperancechavagne.fr\/tiralarc\/wp-content\/uploads\/concours\/2021-2022\/resultats-2021-2022_1-1024x723.png 1024w, https:\/\/esperancechavagne.fr\/tiralarc\/wp-content\/uploads\/concours\/2021-2022\/resultats-2021-2022_1-340x240.png 340w, https:\/\/esperancechavagne.fr\/tiralarc\/wp-content\/uploads\/concours\/2021-2022\/resultats-2021-2022_1-768x542.png 768w, https:\/\/esperancechavagne.fr\/tiralarc\/wp-content\/uploads\/concours\/2021-2022\/resultats-2021-2022_1-465x328.png 465w, https:\/\/esperancechavagne.fr\/tiralarc\/wp-content\/uploads\/concours\/2021-2022\/resultats-2021-2022_1-695x490.png 695w, https:\/\/esperancechavagne.fr\/tiralarc\/wp-content\/uploads\/concours\/2021-2022\/resultats-2021-2022_1.png 1318w\" sizes=\"auto, (max-width: 1024px) 100vw, 1024px\" \/><button\n\t\t\tclass=\"lightbox-trigger\"\n\t\t\ttype=\"button\"\n\t\t\taria-haspopup=\"dialog\"\n\t\t\tdata-wp-bind--aria-label=\"state.thisImage.triggerButtonAriaLabel\"\n\t\t\tdata-wp-init=\"callbacks.initTriggerButton\"\n\t\t\tdata-wp-on--click=\"actions.showLightbox\"\n\t\t\tdata-wp-style--right=\"state.thisImage.buttonRight\"\n\t\t\tdata-wp-style--top=\"state.thisImage.buttonTop\"\n\t\t>\n\t\t\t<svg xmlns=\"http:\/\/www.w3.org\/2000\/svg\" width=\"12\" height=\"12\" fill=\"none\" viewBox=\"0 0 12 12\">\n\t\t\t\t<path fill=\"#fff\" d=\"M2 0a2 2 0 0 0-2 2v2h1.5V2a.5.5 0 0 1 .5-.5h2V0H2Zm2 10.5H2a.5.5 0 0 1-.5-.5V8H0v2a2 2 0 0 0 2 2h2v-1.5ZM8 12v-1.5h2a.5.5 0 0 0 .5-.5V8H12v2a2 2 0 0 1-2 2H8Zm2-12a2 2 0 0 1 2 2v2h-1.5V2a.5.5 0 0 0-.5-.5H8V0h2Z\" \/>\n\t\t\t<\/svg>\n\t\t<\/button><figcaption class=\"wp-element-caption\">R\u00e9sultats 2021-2022 &#8211; page 1<\/figcaption><\/figure>\n\n\n\n<figure data-wp-context=\"{&quot;imageId&quot;:&quot;69f5b20588f3a&quot;}\" data-wp-interactive=\"core\/image\" data-wp-key=\"69f5b20588f3a\" class=\"wp-block-image size-full wp-lightbox-container\"><img loading=\"lazy\" decoding=\"async\" width=\"1318\" height=\"931\" data-wp-class--hide=\"state.isContentHidden\" data-wp-class--show=\"state.isContentVisible\" data-wp-init=\"callbacks.setButtonStyles\" data-wp-on--click=\"actions.showLightbox\" data-wp-on--load=\"callbacks.setButtonStyles\" data-wp-on--pointerdown=\"actions.preloadImage\" data-wp-on--pointerenter=\"actions.preloadImageWithDelay\" data-wp-on--pointerleave=\"actions.cancelPreload\" data-wp-on-window--resize=\"callbacks.setButtonStyles\" data-id=\"6710\" src=\"https:\/\/esperancechavagne.fr\/tiralarc\/wp-content\/uploads\/concours\/2021-2022\/resultats-2021-2022_2.png\" alt=\"R\u00e9sultats 2021-2022\" class=\"wp-image-6710\" srcset=\"https:\/\/esperancechavagne.fr\/tiralarc\/wp-content\/uploads\/concours\/2021-2022\/resultats-2021-2022_2.png 1318w, https:\/\/esperancechavagne.fr\/tiralarc\/wp-content\/uploads\/concours\/2021-2022\/resultats-2021-2022_2-340x240.png 340w, https:\/\/esperancechavagne.fr\/tiralarc\/wp-content\/uploads\/concours\/2021-2022\/resultats-2021-2022_2-1024x723.png 1024w, https:\/\/esperancechavagne.fr\/tiralarc\/wp-content\/uploads\/concours\/2021-2022\/resultats-2021-2022_2-768x542.png 768w, https:\/\/esperancechavagne.fr\/tiralarc\/wp-content\/uploads\/concours\/2021-2022\/resultats-2021-2022_2-465x328.png 465w, https:\/\/esperancechavagne.fr\/tiralarc\/wp-content\/uploads\/concours\/2021-2022\/resultats-2021-2022_2-695x491.png 695w\" sizes=\"auto, (max-width: 1318px) 100vw, 1318px\" \/><button\n\t\t\tclass=\"lightbox-trigger\"\n\t\t\ttype=\"button\"\n\t\t\taria-haspopup=\"dialog\"\n\t\t\tdata-wp-bind--aria-label=\"state.thisImage.triggerButtonAriaLabel\"\n\t\t\tdata-wp-init=\"callbacks.initTriggerButton\"\n\t\t\tdata-wp-on--click=\"actions.showLightbox\"\n\t\t\tdata-wp-style--right=\"state.thisImage.buttonRight\"\n\t\t\tdata-wp-style--top=\"state.thisImage.buttonTop\"\n\t\t>\n\t\t\t<svg xmlns=\"http:\/\/www.w3.org\/2000\/svg\" width=\"12\" height=\"12\" fill=\"none\" viewBox=\"0 0 12 12\">\n\t\t\t\t<path fill=\"#fff\" d=\"M2 0a2 2 0 0 0-2 2v2h1.5V2a.5.5 0 0 1 .5-.5h2V0H2Zm2 10.5H2a.5.5 0 0 1-.5-.5V8H0v2a2 2 0 0 0 2 2h2v-1.5ZM8 12v-1.5h2a.5.5 0 0 0 .5-.5V8H12v2a2 2 0 0 1-2 2H8Zm2-12a2 2 0 0 1 2 2v2h-1.5V2a.5.5 0 0 0-.5-.5H8V0h2Z\" \/>\n\t\t\t<\/svg>\n\t\t<\/button><figcaption class=\"wp-element-caption\">R\u00e9sultats 2021-2022 &#8211; page 2<\/figcaption><\/figure>\n\n\n\n<figure data-wp-context=\"{&quot;imageId&quot;:&quot;69f5b2058959c&quot;}\" data-wp-interactive=\"core\/image\" data-wp-key=\"69f5b2058959c\" class=\"wp-block-image size-full wp-lightbox-container\"><img loading=\"lazy\" decoding=\"async\" width=\"1318\" height=\"930\" data-wp-class--hide=\"state.isContentHidden\" data-wp-class--show=\"state.isContentVisible\" data-wp-init=\"callbacks.setButtonStyles\" data-wp-on--click=\"actions.showLightbox\" data-wp-on--load=\"callbacks.setButtonStyles\" data-wp-on--pointerdown=\"actions.preloadImage\" data-wp-on--pointerenter=\"actions.preloadImageWithDelay\" data-wp-on--pointerleave=\"actions.cancelPreload\" data-wp-on-window--resize=\"callbacks.setButtonStyles\" data-id=\"6708\" src=\"https:\/\/esperancechavagne.fr\/tiralarc\/wp-content\/uploads\/concours\/2021-2022\/resultats-2021-2022_3.png\" alt=\"R\u00e9sultats 2021-2022\" class=\"wp-image-6708\" srcset=\"https:\/\/esperancechavagne.fr\/tiralarc\/wp-content\/uploads\/concours\/2021-2022\/resultats-2021-2022_3.png 1318w, https:\/\/esperancechavagne.fr\/tiralarc\/wp-content\/uploads\/concours\/2021-2022\/resultats-2021-2022_3-340x240.png 340w, https:\/\/esperancechavagne.fr\/tiralarc\/wp-content\/uploads\/concours\/2021-2022\/resultats-2021-2022_3-1024x723.png 1024w, https:\/\/esperancechavagne.fr\/tiralarc\/wp-content\/uploads\/concours\/2021-2022\/resultats-2021-2022_3-768x542.png 768w, https:\/\/esperancechavagne.fr\/tiralarc\/wp-content\/uploads\/concours\/2021-2022\/resultats-2021-2022_3-465x328.png 465w, https:\/\/esperancechavagne.fr\/tiralarc\/wp-content\/uploads\/concours\/2021-2022\/resultats-2021-2022_3-695x490.png 695w\" sizes=\"auto, (max-width: 1318px) 100vw, 1318px\" \/><button\n\t\t\tclass=\"lightbox-trigger\"\n\t\t\ttype=\"button\"\n\t\t\taria-haspopup=\"dialog\"\n\t\t\tdata-wp-bind--aria-label=\"state.thisImage.triggerButtonAriaLabel\"\n\t\t\tdata-wp-init=\"callbacks.initTriggerButton\"\n\t\t\tdata-wp-on--click=\"actions.showLightbox\"\n\t\t\tdata-wp-style--right=\"state.thisImage.buttonRight\"\n\t\t\tdata-wp-style--top=\"state.thisImage.buttonTop\"\n\t\t>\n\t\t\t<svg xmlns=\"http:\/\/www.w3.org\/2000\/svg\" width=\"12\" height=\"12\" fill=\"none\" viewBox=\"0 0 12 12\">\n\t\t\t\t<path fill=\"#fff\" d=\"M2 0a2 2 0 0 0-2 2v2h1.5V2a.5.5 0 0 1 .5-.5h2V0H2Zm2 10.5H2a.5.5 0 0 1-.5-.5V8H0v2a2 2 0 0 0 2 2h2v-1.5ZM8 12v-1.5h2a.5.5 0 0 0 .5-.5V8H12v2a2 2 0 0 1-2 2H8Zm2-12a2 2 0 0 1 2 2v2h-1.5V2a.5.5 0 0 0-.5-.5H8V0h2Z\" \/>\n\t\t\t<\/svg>\n\t\t<\/button><figcaption class=\"wp-element-caption\">R\u00e9sultats 2021-2022 &#8211; page 3<\/figcaption><\/figure>\n<\/figure>\n\n\n\n<div id=\"wp-block-themeisle-blocks-advanced-columns-e0b76aeb\" class=\"wp-block-themeisle-blocks-advanced-columns has-1-columns has-desktop-equal-layout has-tablet-equal-layout has-mobile-equal-layout has-vertical-unset\"><div class=\"wp-block-themeisle-blocks-advanced-columns-overlay\"><\/div><div class=\"innerblocks-wrap\">\n<div id=\"wp-block-themeisle-blocks-advanced-column-92d58d58\" class=\"wp-block-themeisle-blocks-advanced-column results\">\n<div class=\"wp-block-group is-horizontal is-content-justification-center is-layout-flex wp-container-core-group-is-layout-a0364c55 wp-block-group-is-layout-flex\">\n<div id=\"wp-block-themeisle-blocks-font-awesome-icons-c413818d\" class=\"wp-block-themeisle-blocks-font-awesome-icons\"><span class=\"wp-block-themeisle-blocks-font-awesome-icons-container\"><i class=\"fas fa-download\"><\/i><\/span><\/div>\n\n\n\n<div class=\"wp-block-file\"><a id=\"wp-block-file--media-abcf87cd-7a54-498b-b718-9265e2d6871a\" href=\"https:\/\/esperancechavagne.fr\/tiralarc\/wp-content\/uploads\/concours\/2021-2022\/resultats-2021-2022.pdf\">R\u00e9sultats 2021-2022<\/a><a href=\"https:\/\/esperancechavagne.fr\/tiralarc\/wp-content\/uploads\/concours\/2021-2022\/resultats-2021-2022.pdf\" class=\"wp-block-file__button wp-element-button\" download aria-describedby=\"wp-block-file--media-abcf87cd-7a54-498b-b718-9265e2d6871a\">T\u00e9l\u00e9charger<\/a><\/div>\n<\/div>\n<\/div>\n<\/div><\/div>\n<\/div><\/div>\n","protected":false},"excerpt":{"rendered":"<p>Palmar\u00e8s Bilan de la Saison 2021-2022 Nombre total de concours : 41 3D : 14 dont Indoor : 1 Salle 15 dont Loisirs : 1 Nature 4 TAE 7 Troph\u00e9e des Mixtes 1 Nombre de Championnats : CD 3 CR 3 CDF + CDF \u00c9lite 1 R\u00e9sultats des Concours<span class=\"more-link\"><a href=\"https:\/\/esperancechavagne.fr\/tiralarc\/calendrier-des-concours-a-venir\/resultats-2021-2022\/\">&raquo; Lire la suite &laquo;<\/a><\/span><\/p>\n","protected":false},"author":2,"featured_media":0,"parent":8596,"menu_order":2,"comment_status":"closed","ping_status":"closed","template":"","meta":{"_crdt_document":"","ghostkit_customizer_options":"","ghostkit_custom_css":"","ghostkit_custom_js_head":"","ghostkit_custom_js_foot":"","ghostkit_typography":"","_themeisle_gutenberg_block_has_review":false,"footnotes":""},"class_list":["entry","author-annesophiem","post-4922","page","type-page","status-publish"],"_links":{"self":[{"href":"https:\/\/esperancechavagne.fr\/tiralarc\/wp-json\/wp\/v2\/pages\/4922","targetHints":{"allow":["GET"]}}],"collection":[{"href":"https:\/\/esperancechavagne.fr\/tiralarc\/wp-json\/wp\/v2\/pages"}],"about":[{"href":"https:\/\/esperancechavagne.fr\/tiralarc\/wp-json\/wp\/v2\/types\/page"}],"author":[{"embeddable":true,"href":"https:\/\/esperancechavagne.fr\/tiralarc\/wp-json\/wp\/v2\/users\/2"}],"replies":[{"embeddable":true,"href":"https:\/\/esperancechavagne.fr\/tiralarc\/wp-json\/wp\/v2\/comments?post=4922"}],"version-history":[{"count":53,"href":"https:\/\/esperancechavagne.fr\/tiralarc\/wp-json\/wp\/v2\/pages\/4922\/revisions"}],"predecessor-version":[{"id":8631,"href":"https:\/\/esperancechavagne.fr\/tiralarc\/wp-json\/wp\/v2\/pages\/4922\/revisions\/8631"}],"up":[{"embeddable":true,"href":"https:\/\/esperancechavagne.fr\/tiralarc\/wp-json\/wp\/v2\/pages\/8596"}],"wp:attachment":[{"href":"https:\/\/esperancechavagne.fr\/tiralarc\/wp-json\/wp\/v2\/media?parent=4922"}],"curies":[{"name":"wp","href":"https:\/\/api.w.org\/{rel}","templated":true}]}}