{"id":42,"date":"2018-03-10T00:45:09","date_gmt":"2018-03-09T23:45:09","guid":{"rendered":"http:\/\/esperancechavagne.fr\/tiralarc\/?page_id=42"},"modified":"2022-09-22T00:00:18","modified_gmt":"2022-09-21T22:00:18","slug":"installations","status":"publish","type":"page","link":"https:\/\/esperancechavagne.fr\/tiralarc\/la-section\/installations\/","title":{"rendered":"Nos installations"},"content":{"rendered":"\n<p class=\"wp-block-paragraph\">Le tir \u00e0 l&rsquo;arc pouvant se pratiquer en salle ou \u00e0 l&rsquo;ext\u00e9rieur, notre club dispose de deux salles et de deux terrains.<\/p>\n\n\n\n<p class=\"wp-block-paragraph\">Pendant la saison d&rsquo;hiver, nous tirons en salle \u00e0 18m.\u00a0Le terrain de la Sillandais, plat,\u00a0est plus particuli\u00e8rement destin\u00e9 au tir F\u00e9d\u00e9ral (2x50m) et FITA (2x70m). <\/p>\n\n\n\n<h2 class=\"wp-block-heading\" id=\"le-gymnase-de-l-esperance\">Le Gymnase de l&rsquo;Esp\u00e9rance<\/h2>\n\n\n\n<div class=\"wp-block-columns are-vertically-aligned-center has-2-columns is-layout-flex wp-container-core-columns-is-layout-8f761849 wp-block-columns-is-layout-flex\">\n\n<div class=\"wp-block-column is-vertically-aligned-center is-layout-flow wp-block-column-is-layout-flow\">\n\n<div class=\"wp-block-image\"><figure class=\"aligncenter size-medium\"><a href=\"https:\/\/esperancechavagne.fr\/tiralarc\/wp-content\/uploads\/photos\/2017-2018\/passage-de-fleche_2018\/passage-de-fleches_2018-1.jpg\"><img loading=\"lazy\" decoding=\"async\" width=\"300\" height=\"225\" src=\"https:\/\/esperancechavagne.fr\/tiralarc\/wp-content\/uploads\/photos\/2017-2018\/passage-de-fleche_2018\/passage-de-fleches_2018-1-300x225.jpg\" alt=\"\" class=\"wp-image-1764\" srcset=\"https:\/\/esperancechavagne.fr\/tiralarc\/wp-content\/uploads\/photos\/2017-2018\/passage-de-fleche_2018\/passage-de-fleches_2018-1-300x225.jpg 300w, https:\/\/esperancechavagne.fr\/tiralarc\/wp-content\/uploads\/photos\/2017-2018\/passage-de-fleche_2018\/passage-de-fleches_2018-1-768x576.jpg 768w, https:\/\/esperancechavagne.fr\/tiralarc\/wp-content\/uploads\/photos\/2017-2018\/passage-de-fleche_2018\/passage-de-fleches_2018-1.jpg 1024w, https:\/\/esperancechavagne.fr\/tiralarc\/wp-content\/uploads\/photos\/2017-2018\/passage-de-fleche_2018\/passage-de-fleches_2018-1-425x319.jpg 425w\" sizes=\"auto, (max-width: 300px) 100vw, 300px\" \/><\/a><\/figure><\/div>\n\n<\/div>\n\n\n<div class=\"wp-block-column is-vertically-aligned-center is-layout-flow wp-block-column-is-layout-flow\">\n<div style=\"height:300px\" class=\"wp-block-themeisle-blocks-google-map\" id=\"wp-block-themeisle-blocks-google-map-9b2c778e\"><\/div>\n<script type=\"text\/javascript\">\n\t\/* <![CDATA[ *\/\n\t\tif ( ! window.themeisleGoogleMaps ) window.themeisleGoogleMaps =[];\n\t\twindow.themeisleGoogleMaps.push( { container: \"wp-block-themeisle-blocks-google-map-9b2c778e\", attributes: {\"id\":\"wp-block-themeisle-blocks-google-map-9b2c778e\",\"latitude\":\"48.051543\",\"longitude\":\"-1.78702\",\"type\":\"hybrid\",\"zoom\":17,\"height\":300,\"markers\":[{\"id\":\"b28eb960-cd62-4f5c-9081-3bc8255179f7\",\"location\":\"\",\"title\":\"Grande Salle\",\"icon\":\"https:\\\/\\\/maps.google.com\\\/mapfiles\\\/ms\\\/icons\\\/blue-dot.png\",\"description\":\"<p>12 rue du Vieux Cours <br \\\/>35310 Chavagne, France<\\\/p>\",\"latitude\":48.051543,\"longitude\":-1.78702}],\"style\":\"standard\",\"location\":\"La Sagrada Familia, Barcelona, Spain\",\"draggable\":true,\"mapTypeControl\":true,\"zoomControl\":true,\"fullscreenControl\":true,\"streetViewControl\":true,\"hasCustomCSS\":false,\"customCSS\":\"\",\"otterConditions\":[]} } );\n\t\/* ]]> *\/\n<\/script>\n\n<\/div>\n\n<\/div>\n\n\n\n<h2 class=\"wp-block-heading\" id=\"la-salle-de-reception\">La Salle de R\u00e9ception<\/h2>\n\n\n\n<div class=\"wp-block-columns are-vertically-aligned-center has-2-columns is-layout-flex wp-container-core-columns-is-layout-8f761849 wp-block-columns-is-layout-flex\">\n\n<div class=\"wp-block-column is-vertically-aligned-center is-layout-flow wp-block-column-is-layout-flow\">\n\n<div class=\"wp-block-image\"><figure class=\"aligncenter\"><a href=\"https:\/\/esperancechavagne.fr\/tiralarc\/wp-content\/uploads\/design\/pages\/petite-salle.jpg\"><img decoding=\"async\" src=\"https:\/\/esperancechavagne.fr\/tiralarc\/wp-content\/uploads\/design\/pages\/petite-salle-300x192.jpg\" alt=\"installations - petite-salle.jpg\" class=\"wp-image-983\"><\/a><\/figure><\/div>\n\n<\/div>\n\n\n<div class=\"wp-block-column is-vertically-aligned-center is-layout-flow wp-block-column-is-layout-flow\">\n<div style=\"height:300px\" class=\"wp-block-themeisle-blocks-google-map\" id=\"wp-block-themeisle-blocks-google-map-7d645308\"><\/div>\n<script type=\"text\/javascript\">\n\t\/* <![CDATA[ *\/\n\t\tif ( ! window.themeisleGoogleMaps ) window.themeisleGoogleMaps =[];\n\t\twindow.themeisleGoogleMaps.push( { container: \"wp-block-themeisle-blocks-google-map-7d645308\", attributes: {\"id\":\"wp-block-themeisle-blocks-google-map-7d645308\",\"latitude\":\"48.051895\",\"longitude\":\"-1.787843\",\"type\":\"hybrid\",\"zoom\":17,\"height\":300,\"markers\":[{\"id\":\"907fe472-d086-49b4-b2c9-44fa8956aa84\",\"location\":\"\",\"title\":\"Salle de R\\u00e9ception\",\"icon\":\"https:\\\/\\\/maps.google.com\\\/mapfiles\\\/ms\\\/icons\\\/red-dot.png\",\"description\":\"<p style=\\\"text-align: left;\\\">6, rue de l'Avenir\\u00a0<br \\\/>35310 Chavagne <br \\\/>France<\\\/p>\",\"latitude\":\"48.051895\",\"longitude\":\"-1.787843\"}],\"hasCustomCSS\":true,\"style\":\"standard\",\"location\":\"La Sagrada Familia, Barcelona, Spain\",\"draggable\":true,\"mapTypeControl\":true,\"zoomControl\":true,\"fullscreenControl\":true,\"streetViewControl\":true,\"customCSS\":\"\",\"otterConditions\":[]} } );\n\t\/* ]]> *\/\n<\/script>\n\n<\/div>\n\n<\/div>\n\n\n\n<h2 class=\"wp-block-heading\" id=\"terrain-fita-lieu-dit-la-sillandais\">Terrain FITA : lieu-dit \u00ab\u00a0La Sillandais\u00a0\u00bb<\/h2>\n\n\n\n<div class=\"wp-block-columns are-vertically-aligned-center has-2-columns is-layout-flex wp-container-core-columns-is-layout-8f761849 wp-block-columns-is-layout-flex\">\n\n<div class=\"wp-block-column is-vertically-aligned-center is-layout-flow wp-block-column-is-layout-flow\">\n\n<div class=\"wp-block-image\"><figure class=\"aligncenter size-full is-resized\"><a href=\"https:\/\/esperancechavagne.fr\/tiralarc\/wp-content\/uploads\/design\/pages\/sillandais.jpg\"><img decoding=\"async\" src=\"https:\/\/esperancechavagne.fr\/tiralarc\/wp-content\/uploads\/design\/pages\/sillandais.jpg\" alt=\"installations - sillandais.jpg\" class=\"wp-image-982\" width=\"300\" srcset=\"https:\/\/esperancechavagne.fr\/tiralarc\/wp-content\/uploads\/design\/pages\/sillandais.jpg 640w, https:\/\/esperancechavagne.fr\/tiralarc\/wp-content\/uploads\/design\/pages\/sillandais-340x226.jpg 340w, https:\/\/esperancechavagne.fr\/tiralarc\/wp-content\/uploads\/design\/pages\/sillandais-465x310.jpg 465w\" sizes=\"(max-width: 640px) 100vw, 640px\" \/><\/a><\/figure><\/div>\n\n<\/div>\n\n\n<div class=\"wp-block-column is-vertically-aligned-center is-layout-flow wp-block-column-is-layout-flow\">\n<div style=\"height:300px\" class=\"wp-block-themeisle-blocks-google-map\" id=\"wp-block-themeisle-blocks-google-map-5e4c70a4\"><\/div>\n<script type=\"text\/javascript\">\n\t\/* <![CDATA[ *\/\n\t\tif ( ! window.themeisleGoogleMaps ) window.themeisleGoogleMaps =[];\n\t\twindow.themeisleGoogleMaps.push( { container: \"wp-block-themeisle-blocks-google-map-5e4c70a4\", attributes: {\"id\":\"wp-block-themeisle-blocks-google-map-5e4c70a4\",\"latitude\":\"48.044295\",\"longitude\":\"-1.790801\",\"type\":\"hybrid\",\"height\":300,\"markers\":[{\"id\":\"ab5641d3-1bd6-4a6c-8e4d-2baf79c80424\",\"location\":\"\",\"title\":\"La Sillandais\",\"icon\":\"https:\\\/\\\/maps.google.com\\\/mapfiles\\\/ms\\\/icons\\\/yellow-dot.png\",\"description\":\"<p>Les Bouvais <br \\\/>35310 Chavagne, France<\\\/p>\",\"latitude\":\"48.044295\",\"longitude\":\"-1.790801\"}],\"style\":\"standard\",\"location\":\"La Sagrada Familia, Barcelona, Spain\",\"zoom\":15,\"draggable\":true,\"mapTypeControl\":true,\"zoomControl\":true,\"fullscreenControl\":true,\"streetViewControl\":true,\"hasCustomCSS\":false,\"customCSS\":\"\",\"otterConditions\":[]} } );\n\t\/* ]]> *\/\n<\/script>\n\n<\/div>\n\n<\/div>\n\n\n\n<h2 class=\"wp-block-heading\" id=\"terrain-parcours-lieu-dit-la-vigne\">Terrain Parcours : lieu-dit \u00ab\u00a0La Vigne\u00a0\u00bb<\/h2>\n\n\n\n<div class=\"wp-block-columns are-vertically-aligned-center has-2-columns is-layout-flex wp-container-core-columns-is-layout-8f761849 wp-block-columns-is-layout-flex\">\n\n<div class=\"wp-block-column is-vertically-aligned-center is-layout-flow wp-block-column-is-layout-flow\">\n\n<div class=\"wp-block-image\"><figure class=\"aligncenter size-full is-resized\"><a href=\"https:\/\/esperancechavagne.fr\/tiralarc\/wp-content\/uploads\/photos\/2019-2020\/la-vigne\/la-vigne_sept-2019-03.jpg\"><img decoding=\"async\" src=\"https:\/\/esperancechavagne.fr\/tiralarc\/wp-content\/uploads\/photos\/2019-2020\/la-vigne\/la-vigne_sept-2019-03.jpg\" alt=\"la-vigne_sept-2019-03.jpg\" class=\"wp-image-2937\" width=\"300\" srcset=\"https:\/\/esperancechavagne.fr\/tiralarc\/wp-content\/uploads\/photos\/2019-2020\/la-vigne\/la-vigne_sept-2019-03.jpg 1280w, https:\/\/esperancechavagne.fr\/tiralarc\/wp-content\/uploads\/photos\/2019-2020\/la-vigne\/la-vigne_sept-2019-03-250x188.jpg 250w, https:\/\/esperancechavagne.fr\/tiralarc\/wp-content\/uploads\/photos\/2019-2020\/la-vigne\/la-vigne_sept-2019-03-1024x768.jpg 1024w, https:\/\/esperancechavagne.fr\/tiralarc\/wp-content\/uploads\/photos\/2019-2020\/la-vigne\/la-vigne_sept-2019-03-768x576.jpg 768w, https:\/\/esperancechavagne.fr\/tiralarc\/wp-content\/uploads\/photos\/2019-2020\/la-vigne\/la-vigne_sept-2019-03-465x349.jpg 465w, https:\/\/esperancechavagne.fr\/tiralarc\/wp-content\/uploads\/photos\/2019-2020\/la-vigne\/la-vigne_sept-2019-03-667x500.jpg 667w\" sizes=\"(max-width: 1280px) 100vw, 1280px\" \/><\/a><figcaption>La Vigne &#8211; Sept. 2019<\/figcaption><\/figure><\/div>\n\n<\/div>\n\n\n<div class=\"wp-block-column is-vertically-aligned-center is-layout-flow wp-block-column-is-layout-flow\">\n<div style=\"height:300px\" class=\"wp-block-themeisle-blocks-google-map\" id=\"wp-block-themeisle-blocks-google-map-6089cd4e\"><\/div>\n<script type=\"text\/javascript\">\n\t\/* <![CDATA[ *\/\n\t\tif ( ! window.themeisleGoogleMaps ) window.themeisleGoogleMaps =[];\n\t\twindow.themeisleGoogleMaps.push( { container: \"wp-block-themeisle-blocks-google-map-6089cd4e\", attributes: {\"id\":\"wp-block-themeisle-blocks-google-map-6089cd4e\",\"latitude\":\"48.04532\",\"longitude\":\"-1.772323\",\"type\":\"hybrid\",\"height\":300,\"markers\":[{\"id\":\"dabdd311-4d89-4efd-a57b-0dfaf37ff127\",\"location\":\"\",\"title\":\"La Vigne\",\"icon\":\"https:\\\/\\\/maps.google.com\\\/mapfiles\\\/ms\\\/icons\\\/green-dot.png\",\"description\":\"<p>La Vigne\\u00a0<br \\\/>35310 Chavagne, France<\\\/p>\",\"latitude\":\"48.04532\",\"longitude\":\"-1.772323\"}],\"style\":\"standard\",\"location\":\"La Sagrada Familia, Barcelona, Spain\",\"zoom\":15,\"draggable\":true,\"mapTypeControl\":true,\"zoomControl\":true,\"fullscreenControl\":true,\"streetViewControl\":true,\"hasCustomCSS\":false,\"customCSS\":\"\",\"otterConditions\":[]} } );\n\t\/* ]]> *\/\n<\/script>\n\n<\/div>\n\n<\/div>\n\n\n\n<p class=\"wp-block-paragraph\"><\/p>\n","protected":false},"excerpt":{"rendered":"<p>Le tir \u00e0 l&rsquo;arc pouvant se pratiquer en salle ou \u00e0 l&rsquo;ext\u00e9rieur, notre club dispose de deux salles et de deux terrains. Pendant la saison d&rsquo;hiver, nous tirons en salle \u00e0 18m.\u00a0Le terrain de la Sillandais, plat,\u00a0est plus particuli\u00e8rement destin\u00e9 au tir F\u00e9d\u00e9ral (2x50m) et FITA (2x70m). Le Gymnase de<span class=\"more-link\"><a href=\"https:\/\/esperancechavagne.fr\/tiralarc\/la-section\/installations\/\">&raquo; Lire la suite &laquo;<\/a><\/span><\/p>\n","protected":false},"author":1,"featured_media":0,"parent":6,"menu_order":0,"comment_status":"closed","ping_status":"closed","template":"","meta":{"_crdt_document":"","ghostkit_customizer_options":"","ghostkit_custom_css":"","ghostkit_custom_js_head":"","ghostkit_custom_js_foot":"","ghostkit_typography":"","_themeisle_gutenberg_block_has_review":false,"footnotes":""},"class_list":["entry","author-damienm","post-42","page","type-page","status-publish"],"_links":{"self":[{"href":"https:\/\/esperancechavagne.fr\/tiralarc\/wp-json\/wp\/v2\/pages\/42","targetHints":{"allow":["GET"]}}],"collection":[{"href":"https:\/\/esperancechavagne.fr\/tiralarc\/wp-json\/wp\/v2\/pages"}],"about":[{"href":"https:\/\/esperancechavagne.fr\/tiralarc\/wp-json\/wp\/v2\/types\/page"}],"author":[{"embeddable":true,"href":"https:\/\/esperancechavagne.fr\/tiralarc\/wp-json\/wp\/v2\/users\/1"}],"replies":[{"embeddable":true,"href":"https:\/\/esperancechavagne.fr\/tiralarc\/wp-json\/wp\/v2\/comments?post=42"}],"version-history":[{"count":46,"href":"https:\/\/esperancechavagne.fr\/tiralarc\/wp-json\/wp\/v2\/pages\/42\/revisions"}],"predecessor-version":[{"id":6941,"href":"https:\/\/esperancechavagne.fr\/tiralarc\/wp-json\/wp\/v2\/pages\/42\/revisions\/6941"}],"up":[{"embeddable":true,"href":"https:\/\/esperancechavagne.fr\/tiralarc\/wp-json\/wp\/v2\/pages\/6"}],"wp:attachment":[{"href":"https:\/\/esperancechavagne.fr\/tiralarc\/wp-json\/wp\/v2\/media?parent=42"}],"curies":[{"name":"wp","href":"https:\/\/api.w.org\/{rel}","templated":true}]}}