{"id":4,"date":"2018-03-03T13:07:49","date_gmt":"2018-03-03T12:07:49","guid":{"rendered":"http:\/\/esperancechavagne.fr\/tiralarc\/?page_id=4"},"modified":"2018-10-26T12:32:20","modified_gmt":"2018-10-26T10:32:20","slug":"le-tir-a-l-arc","status":"publish","type":"page","link":"https:\/\/esperancechavagne.fr\/tiralarc\/le-tir-a-l-arc\/","title":{"rendered":"Le tir \u00e0 l&rsquo;arc"},"content":{"rendered":"\n<h2 class=\"wp-block-heading\">Un bref historique du tir \u00e0 l&rsquo;arc<\/h2>\n\n\n\n<p style=\"text-align:right\" class=\"has-small-font-size wp-block-paragraph\"><em>source compl\u00e8te :&nbsp;<a href=\"https:\/\/worldarchery.org\/fr\/node\/93847\" target=\"_blank\" rel=\"noreferrer noopener\">World Archery Federation<\/a><\/em><\/p>\n\n\n\n<p class=\"wp-block-paragraph\">Le tir \u00e0 l\u2019arc est l\u2019un des plus vieux arts encore pratiqu\u00e9s. [&#8230;] Des traces d\u2019anciennes pratiques du tir \u00e0 l\u2019arc ont \u00e9t\u00e9 retrouv\u00e9es dans le monde entier.Bien que le tir \u00e0 l\u2019arc date probablement de l\u2019Age de Pierre (env. 20&rsquo;000 av. J-C), le premier peuple connu pour avoir utilis\u00e9 des arcs et des fl\u00e8ches sont les anciens Egyptiens qui ont adopt\u00e9 le tir \u00e0 l\u2019arc il y a au moins 5\u2019000 ans pour la chasse et \u00e0 des fins guerri\u00e8res.<\/p>\n\n\n\n<p class=\"wp-block-paragraph\">En Chine, le tir \u00e0 l\u2019arc remonte \u00e0 la Dynastie Shang (1766-1027 av. J-C). Un v\u00e9hicule de guerre datant de cette \u00e9poque emmenait des \u00e9quipes de trois: un conducteur, un lanceur et un archer. Lors de la dynastie suivante, la Dynastie Zhou (1027-256 av. J-C), les nobles prenaient part \u00e0 des tournois de tir \u00e0 l\u2019arc qui \u00e9taient accompagn\u00e9s de musique et entrecoup\u00e9s d\u2019\u00e9l\u00e9gantes salutations.<\/p>\n\n\n\n<p class=\"wp-block-paragraph\">Les Chinois ont introduit le tir \u00e0 l\u2019arc au Japon au 6\u00e8me si\u00e8cle. Cette introduction aura une tr\u00e8s forte influence sur les techniques et protocoles futurs. Au d\u00e9but, cet art martial japonais \u00e9tait connu sous le nom de kyujutsu (l\u2019art de l\u2019arc) maintenant il est appel\u00e9 kyudo (forme de l\u2019arc).<\/p>\n\n\n\n<p class=\"wp-block-paragraph\">[&#8230;] Depuis lors, le tir \u00e0 l\u2019arc a \u00e9t\u00e9 d\u00e9velopp\u00e9 comme sport de comp\u00e9tition et r\u00e9cr\u00e9atif.<\/p>\n\n\n\n<h2 class=\"wp-block-heading\">Aujourd&rsquo;hui<\/h2>\n\n\n\n<p style=\"text-align:right\" class=\"has-small-font-size wp-block-paragraph\"><em>source compl\u00e8te :&nbsp;<a href=\"https:\/\/worldarchery.org\/fr\/node\/93847\" target=\"_blank\" rel=\"noreferrer noopener\">World Archery Federation<\/a><\/em><\/p>\n\n\n\n<p class=\"wp-block-paragraph\">Le Tir \u00e0 l&rsquo;Arc v\u00e9hicule des images, des id\u00e9es et des valeurs fortes. Il est souvent utilis\u00e9 dans le message publicitaire et en communication.<\/p>\n\n\n\n<p class=\"wp-block-paragraph\">L&rsquo;arc, la fl\u00e8che, la cible, la vis\u00e9e &#8230; symbolisent :<\/p>\n\n\n\n<ul class=\"wp-block-list\"><li>\nla recherche d&rsquo;un objectif,\n<\/li><li>\nla pr\u00e9cision,\n<\/li><li>\nLa rapidit\u00e9 pour aller droit au but,\n<\/li><li>\nla beaut\u00e9 et la puret\u00e9 du geste technique.\n<\/li><\/ul>\n\n\n\n<p class=\"wp-block-paragraph\">Exigence du tir \u00e0 l&rsquo;arc de Haut niveau<\/p>\n\n\n\n<ul class=\"wp-block-list\"><li>\nLa ma\u00eetrise de soi,\n<\/li><li>\nLa r\u00e9sistance au stress,\n<\/li><li>\nLa concentration,\n<\/li><li>\nLa r\u00e9gularit\u00e9 associ\u00e9e \u00e0 la pr\u00e9cision,\n<\/li><li>\nLa recherche de la performance,\n<\/li><li>\nLa volont\u00e9,\n<\/li><li>\nL&rsquo;\u00e9quilibre physique et mental ,\n<\/li><li>\nLa rigueur,\n<\/li><li>\nL&rsquo;esprit d&rsquo;\u00e9quipe (bien que le Tir \u00e0 l&rsquo;Arc soit un sport individuel par excellence, les comp\u00e9titions par \u00e9quipes sont de plus en plus r\u00e9pandues et une bonne dynamique de groupe permet d&rsquo;obtenir des r\u00e9sultats plus performants),\n<\/li><li>\nLa capacit\u00e9 d&rsquo;adaptation (\u00e0 l&rsquo;environnement, aux intemp\u00e9ries&#8230;),\n<\/li><li>\nLa pr\u00e9paration du mat\u00e9riel qui doit toujours \u00eatre r\u00e9gl\u00e9 et entretenu.\n<\/li><\/ul>\n\n\n\n<p class=\"wp-block-paragraph\">Le respect des r\u00e8gles<\/p>\n\n\n\n<p class=\"wp-block-paragraph\">Sport de rigueur et de tradition, le Tir \u00e0 l&rsquo;Arc est une discipline codifi\u00e9e, o\u00f9 l&rsquo;archer se doit de conna\u00eetre les r\u00e8gles du jeu, comme le dirigeant de soci\u00e9t\u00e9 de son march\u00e9, sans jamais oublier celles du fair play.<br>Le monde du Tir \u00e0 l&rsquo;Arc peut se f\u00e9liciter d&rsquo;\u00eatre &lsquo;propre&rsquo;, \u00e9pargn\u00e9 par les probl\u00e8mes de corruption et de dopage.<\/p>\n","protected":false},"excerpt":{"rendered":"<p>Un bref historique du tir \u00e0 l&rsquo;arc source compl\u00e8te :&nbsp;World Archery Federation Le tir \u00e0 l\u2019arc est l\u2019un des plus vieux arts encore pratiqu\u00e9s. [&#8230;] Des traces d\u2019anciennes pratiques du tir \u00e0 l\u2019arc ont \u00e9t\u00e9 retrouv\u00e9es dans le monde entier.Bien que le tir \u00e0 l\u2019arc date probablement de l\u2019Age de<span class=\"more-link\"><a href=\"https:\/\/esperancechavagne.fr\/tiralarc\/le-tir-a-l-arc\/\">&raquo; Lire la suite &laquo;<\/a><\/span><\/p>\n","protected":false},"author":1,"featured_media":0,"parent":0,"menu_order":0,"comment_status":"closed","ping_status":"closed","template":"","meta":{"_crdt_document":"","ghostkit_customizer_options":"","ghostkit_custom_css":"","ghostkit_custom_js_head":"","ghostkit_custom_js_foot":"","ghostkit_typography":"","_themeisle_gutenberg_block_has_review":false,"footnotes":""},"class_list":["entry","author-damienm","post-4","page","type-page","status-publish"],"_links":{"self":[{"href":"https:\/\/esperancechavagne.fr\/tiralarc\/wp-json\/wp\/v2\/pages\/4","targetHints":{"allow":["GET"]}}],"collection":[{"href":"https:\/\/esperancechavagne.fr\/tiralarc\/wp-json\/wp\/v2\/pages"}],"about":[{"href":"https:\/\/esperancechavagne.fr\/tiralarc\/wp-json\/wp\/v2\/types\/page"}],"author":[{"embeddable":true,"href":"https:\/\/esperancechavagne.fr\/tiralarc\/wp-json\/wp\/v2\/users\/1"}],"replies":[{"embeddable":true,"href":"https:\/\/esperancechavagne.fr\/tiralarc\/wp-json\/wp\/v2\/comments?post=4"}],"version-history":[{"count":8,"href":"https:\/\/esperancechavagne.fr\/tiralarc\/wp-json\/wp\/v2\/pages\/4\/revisions"}],"predecessor-version":[{"id":1142,"href":"https:\/\/esperancechavagne.fr\/tiralarc\/wp-json\/wp\/v2\/pages\/4\/revisions\/1142"}],"wp:attachment":[{"href":"https:\/\/esperancechavagne.fr\/tiralarc\/wp-json\/wp\/v2\/media?parent=4"}],"curies":[{"name":"wp","href":"https:\/\/api.w.org\/{rel}","templated":true}]}}