{"id":2818,"date":"2020-08-26T01:42:39","date_gmt":"2020-08-25T23:42:39","guid":{"rendered":"https:\/\/esperancechavagne.fr\/tiralarc\/?page_id=2818"},"modified":"2024-11-08T13:27:23","modified_gmt":"2024-11-08T12:27:23","slug":"resultats-2019-2020","status":"publish","type":"page","link":"https:\/\/esperancechavagne.fr\/tiralarc\/calendrier-des-concours-a-venir\/resultats-2019-2020\/","title":{"rendered":"R\u00e9sultats 2019-2020"},"content":{"rendered":"\n<div class=\"wp-block-group ghostkit-custom-Z1FhX4q\"><div class=\"wp-block-group__inner-container is-layout-flow wp-block-group-is-layout-flow\">\n<h2 class=\"wp-block-heading\" id=\"palmares\">Palmares<\/h2>\n\n\n\n<div class=\"wp-block-themeisle-blocks-advanced-columns has-3-columns has-desktop-equal-layout has-tablet-equal-layout has-mobile-collapsedRows-layout has-default-gap has-vertical-flex-start\" id=\"wp-block-themeisle-blocks-advanced-columns-03a9a0e6\"><div class=\"wp-block-themeisle-blocks-advanced-columns-overlay\"><\/div><div class=\"innerblocks-wrap\">\n<div class=\"wp-block-themeisle-blocks-advanced-column\" id=\"wp-block-themeisle-blocks-advanced-column-e1dea040\">\n<div class=\"wp-block-group ghostkit-has-frame ghostkit-custom-Z1h0F5C\"><div class=\"wp-block-group__inner-container is-layout-flow wp-block-group-is-layout-flow\">\n<p class=\"wp-block-themeisle-blocks-font-awesome-icons\" id=\"wp-block-themeisle-blocks-font-awesome-icons-8a61aa5a\"><span class=\"wp-block-themeisle-blocks-font-awesome-icons-container\"><i class=\"fas fa-medal\"><\/i><\/span><\/p>\n\n\n\n<p class=\"has-text-align-center has-black-color has-text-color has-background wp-block-paragraph\" style=\"background-color:#c0c0c0\"><strong>Argent<br>4<\/strong><\/p>\n<\/div><\/div>\n<\/div>\n\n\n\n<div class=\"wp-block-themeisle-blocks-advanced-column\" id=\"wp-block-themeisle-blocks-advanced-column-ea98114f\">\n<div class=\"wp-block-group ghostkit-has-frame ghostkit-custom-Z2jtGfA\"><div class=\"wp-block-group__inner-container is-layout-flow wp-block-group-is-layout-flow\">\n<p class=\"wp-block-themeisle-blocks-font-awesome-icons\" id=\"wp-block-themeisle-blocks-font-awesome-icons-6a5a7a76\"><span class=\"wp-block-themeisle-blocks-font-awesome-icons-container\"><i class=\"fas fa-medal\"><\/i><\/span><\/p>\n\n\n\n<p class=\"has-text-align-center has-black-color has-text-color has-background wp-block-paragraph\" style=\"background-color:#ffd700\"><strong>Or<br>4<\/strong><\/p>\n<\/div><\/div>\n<\/div>\n\n\n\n<div class=\"wp-block-themeisle-blocks-advanced-column\" id=\"wp-block-themeisle-blocks-advanced-column-fecdb2ee\">\n<div class=\"wp-block-group ghostkit-has-frame ghostkit-custom-ZoWnqk\"><div class=\"wp-block-group__inner-container is-layout-flow wp-block-group-is-layout-flow\">\n<p class=\"wp-block-themeisle-blocks-font-awesome-icons\" id=\"wp-block-themeisle-blocks-font-awesome-icons-20e8143a\"><span class=\"wp-block-themeisle-blocks-font-awesome-icons-container\"><i class=\"fas fa-medal\"><\/i><\/span><\/p>\n\n\n\n<p class=\"has-text-align-center has-black-color has-text-color has-background wp-block-paragraph\" style=\"background-color:#b36700\"><strong>Bronze<br>3<\/strong><\/p>\n<\/div><\/div>\n<\/div>\n<\/div><\/div>\n\n\n\n<p class=\"wp-block-paragraph\"><\/p>\n<\/div><\/div>\n\n\n\n<div class=\"wp-block-group ghostkit-custom-vPUIt\"><div class=\"wp-block-group__inner-container is-layout-flow wp-block-group-is-layout-flow\">\n<h2 class=\"wp-block-heading\" id=\"resultats-des-concours\">R\u00e9sultats des Concours<\/h2>\n\n\n\n<div class=\"wp-block-image\"><figure class=\"aligncenter size-large is-resized\"><a href=\"https:\/\/esperancechavagne.fr\/tiralarc\/wp-content\/uploads\/concours\/2019-2020\/resultats_2019-2020.png\"><img loading=\"lazy\" decoding=\"async\" src=\"https:\/\/esperancechavagne.fr\/tiralarc\/wp-content\/uploads\/concours\/2019-2020\/resultats_2019-2020-1024x622.png\" alt=\"resultats_2019-2020\" class=\"wp-image-2812\" width=\"512\" height=\"311\" srcset=\"https:\/\/esperancechavagne.fr\/tiralarc\/wp-content\/uploads\/concours\/2019-2020\/resultats_2019-2020-1024x622.png 1024w, https:\/\/esperancechavagne.fr\/tiralarc\/wp-content\/uploads\/concours\/2019-2020\/resultats_2019-2020-250x152.png 250w, https:\/\/esperancechavagne.fr\/tiralarc\/wp-content\/uploads\/concours\/2019-2020\/resultats_2019-2020-768x466.png 768w, https:\/\/esperancechavagne.fr\/tiralarc\/wp-content\/uploads\/concours\/2019-2020\/resultats_2019-2020-465x282.png 465w, https:\/\/esperancechavagne.fr\/tiralarc\/wp-content\/uploads\/concours\/2019-2020\/resultats_2019-2020-695x422.png 695w, https:\/\/esperancechavagne.fr\/tiralarc\/wp-content\/uploads\/concours\/2019-2020\/resultats_2019-2020.png 1080w\" sizes=\"auto, (max-width: 512px) 100vw, 512px\" \/><\/a><\/figure><\/div>\n\n\n\n<div class=\"wp-block-file aligncenter\"><a href=\"https:\/\/esperancechavagne.fr\/tiralarc\/wp-content\/uploads\/concours\/2019-2020\/resultats_2019-2020.pdf\">R\u00e9sultats 2019-2020<\/a><a href=\"https:\/\/esperancechavagne.fr\/tiralarc\/wp-content\/uploads\/concours\/2019-2020\/resultats_2019-2020.pdf\" class=\"wp-block-file__button\" download>T\u00e9l\u00e9charger au format *pdf<\/a><\/div>\n<\/div><\/div>\n\n\n\n<div class=\"wp-block-group\"><div class=\"wp-block-group__inner-container is-layout-flow wp-block-group-is-layout-flow\">\n<h2 class=\"wp-block-heading\" id=\"bilan-de-la-saison\">Bilan de la saison<\/h2>\n\n\n\n<ul class=\"wp-block-list\"><li>12 comp\u00e9titeurs<\/li><li>30 participations \u00e0 10 concours<ul><li>5 concours Salle &#8211; dont 1 hors D\u00e9partement et 2 hors R\u00e9gion<\/li><li>5 concours 3D &#8211; dont 1 hors R\u00e9gion<\/li><\/ul><\/li><li>11 podiums<ul><li>4 m\u00e9dailles d&rsquo;Or<\/li><li>4 m\u00e9dailles d&rsquo;Argent<\/li><li>3 m\u00e9dailles de Bronze<\/li><\/ul><\/li><\/ul>\n<\/div><\/div>\n","protected":false},"excerpt":{"rendered":"<p>Palmares R\u00e9sultats des Concours Bilan de la saison 12 comp\u00e9titeurs 30 participations \u00e0 10 concours 5 concours Salle &#8211; dont 1 hors D\u00e9partement et 2 hors R\u00e9gion 5 concours 3D &#8211; dont 1 hors R\u00e9gion 11 podiums 4 m\u00e9dailles d&rsquo;Or 4 m\u00e9dailles d&rsquo;Argent 3 m\u00e9dailles de Bronze<span class=\"more-link\"><a href=\"https:\/\/esperancechavagne.fr\/tiralarc\/calendrier-des-concours-a-venir\/resultats-2019-2020\/\">&raquo; Lire la suite &laquo;<\/a><\/span><\/p>\n","protected":false},"author":2,"featured_media":2267,"parent":8596,"menu_order":4,"comment_status":"closed","ping_status":"closed","template":"","meta":{"_crdt_document":"","ghostkit_customizer_options":"","ghostkit_custom_css":"","ghostkit_custom_js_head":"","ghostkit_custom_js_foot":"","ghostkit_typography":"","_themeisle_gutenberg_block_has_review":false,"footnotes":""},"class_list":["entry","author-annesophiem","post-2818","page","type-page","status-publish","has-post-thumbnail"],"_links":{"self":[{"href":"https:\/\/esperancechavagne.fr\/tiralarc\/wp-json\/wp\/v2\/pages\/2818","targetHints":{"allow":["GET"]}}],"collection":[{"href":"https:\/\/esperancechavagne.fr\/tiralarc\/wp-json\/wp\/v2\/pages"}],"about":[{"href":"https:\/\/esperancechavagne.fr\/tiralarc\/wp-json\/wp\/v2\/types\/page"}],"author":[{"embeddable":true,"href":"https:\/\/esperancechavagne.fr\/tiralarc\/wp-json\/wp\/v2\/users\/2"}],"replies":[{"embeddable":true,"href":"https:\/\/esperancechavagne.fr\/tiralarc\/wp-json\/wp\/v2\/comments?post=2818"}],"version-history":[{"count":7,"href":"https:\/\/esperancechavagne.fr\/tiralarc\/wp-json\/wp\/v2\/pages\/2818\/revisions"}],"predecessor-version":[{"id":4912,"href":"https:\/\/esperancechavagne.fr\/tiralarc\/wp-json\/wp\/v2\/pages\/2818\/revisions\/4912"}],"up":[{"embeddable":true,"href":"https:\/\/esperancechavagne.fr\/tiralarc\/wp-json\/wp\/v2\/pages\/8596"}],"wp:featuredmedia":[{"embeddable":true,"href":"https:\/\/esperancechavagne.fr\/tiralarc\/wp-json\/wp\/v2\/media\/2267"}],"wp:attachment":[{"href":"https:\/\/esperancechavagne.fr\/tiralarc\/wp-json\/wp\/v2\/media?parent=2818"}],"curies":[{"name":"wp","href":"https:\/\/api.w.org\/{rel}","templated":true}]}}