{"id":2107,"date":"2019-09-23T19:30:19","date_gmt":"2019-09-23T17:30:19","guid":{"rendered":"https:\/\/esperancechavagne.fr\/tiralarc\/?page_id=2107"},"modified":"2021-09-21T17:22:29","modified_gmt":"2021-09-21T15:22:29","slug":"le-tir-en-campagne","status":"publish","type":"page","link":"https:\/\/esperancechavagne.fr\/tiralarc\/les-disciplines\/le-tir-en-campagne\/","title":{"rendered":"Le tir en campagne"},"content":{"rendered":"\n<p class=\"wp-block-paragraph\">Le tir en campagne se d\u00e9roule sur un parcours multi-cibles (souvent compar\u00e9 \u00e0 un terrain de golf dans son fonctionnement) sur tous types de terrain.<\/p>\n\n\n\n<p class=\"wp-block-paragraph\">Les archers tirent sur des blasons de couleurs noires et jaunes implant\u00e9s \u00e0 des distances allant jusqu&rsquo;\u00e0 60 m\u00e8tres. Les cibles ont six anneaux concentriques, quatre noirs et deux jaunes. Le cercle jaune int\u00e9rieur vaut six points, l&rsquo;anneau jaune ext\u00e9rieur cinq points et les noirs de quatre \u00e0 un point.<\/p>\n\n\n\n<p class=\"wp-block-paragraph\">Une comp\u00e9tition de tir en campagne peut se d\u00e9rouler de trois fa\u00e7ons. L&rsquo;une ou l&rsquo;autre est indiqu\u00e9e sur le mandat de la comp\u00e9tition :<\/p>\n\n\n\n<div class=\"wp-block-themeisle-blocks-advanced-columns has-2-columns has-desktop-oneTwo-layout has-tablet-equal-layout has-mobile-collapsedRows-layout has-default-gap has-vertical-center\" id=\"wp-block-themeisle-blocks-advanced-columns-3b2df898\"><div class=\"wp-block-themeisle-blocks-advanced-columns-overlay\"><\/div><div class=\"innerblocks-wrap\">\n<div class=\"wp-block-themeisle-blocks-advanced-column\" id=\"wp-block-themeisle-blocks-advanced-column-f7bfe118\">\n<div class=\"wp-block-image\"><figure class=\"aligncenter size-full\"><img loading=\"lazy\" decoding=\"async\" width=\"150\" height=\"150\" src=\"https:\/\/esperancechavagne.fr\/tiralarc\/wp-content\/uploads\/design\/calendrier\/campagne.png\" alt=\"campagne.png\" class=\"wp-image-980\"\/><\/figure><\/div>\n<\/div>\n\n\n\n<div class=\"wp-block-themeisle-blocks-advanced-column\" id=\"wp-block-themeisle-blocks-advanced-column-dcab80ec\">\n<ul class=\"is-style-styled wp-block-list\"><li>Un parcours de 24 cibles \u00e0 des distances inconnues.<\/li><li>Un parcours de 24 cibles \u00e0 des distances connues.<\/li><li>Un parcours de 12 cibles \u00e0 des distances connues (marqu\u00e9es sur le piquet qui mat\u00e9rialise le pas de tir) et 12 cibles \u00e0 des distances inconnues.<\/li><\/ul>\n<\/div>\n<\/div><\/div>\n\n\n\n<p class=\"wp-block-paragraph\">Chaque archer tire 3 fl\u00e8ches par cible \u2013 soit 72 fl\u00e8ches sur toute la dur\u00e9e de la comp\u00e9tition. Le score maximal est de 18 points par cible, soit un total maximal de 432 points.<\/p>\n\n\n\n<p class=\"wp-block-paragraph\">Un temps limite de 3 minutes par cible sera autoris\u00e9 \u00e0 partir du moment o\u00f9 l&rsquo;archer prendra sa position au poste de tir, ce qu&rsquo;il doit faire le plus rapidement possible, d\u00e8s que le poste de tir est libre.<\/p>\n","protected":false},"excerpt":{"rendered":"<p>Le tir en campagne se d\u00e9roule sur un parcours multi-cibles (souvent compar\u00e9 \u00e0 un terrain de golf dans son fonctionnement) sur tous types de terrain. Les archers tirent sur des blasons de couleurs noires et jaunes implant\u00e9s \u00e0 des distances allant jusqu&rsquo;\u00e0 60 m\u00e8tres. Les cibles ont six anneaux concentriques,<span class=\"more-link\"><a href=\"https:\/\/esperancechavagne.fr\/tiralarc\/les-disciplines\/le-tir-en-campagne\/\">&raquo; Lire la suite &laquo;<\/a><\/span><\/p>\n","protected":false},"author":2,"featured_media":4432,"parent":48,"menu_order":0,"comment_status":"closed","ping_status":"closed","template":"","meta":{"_crdt_document":"","ghostkit_customizer_options":"","ghostkit_custom_css":"","ghostkit_custom_js_head":"","ghostkit_custom_js_foot":"","ghostkit_typography":"","_themeisle_gutenberg_block_has_review":false,"footnotes":""},"class_list":["entry","author-annesophiem","post-2107","page","type-page","status-publish","has-post-thumbnail"],"_links":{"self":[{"href":"https:\/\/esperancechavagne.fr\/tiralarc\/wp-json\/wp\/v2\/pages\/2107","targetHints":{"allow":["GET"]}}],"collection":[{"href":"https:\/\/esperancechavagne.fr\/tiralarc\/wp-json\/wp\/v2\/pages"}],"about":[{"href":"https:\/\/esperancechavagne.fr\/tiralarc\/wp-json\/wp\/v2\/types\/page"}],"author":[{"embeddable":true,"href":"https:\/\/esperancechavagne.fr\/tiralarc\/wp-json\/wp\/v2\/users\/2"}],"replies":[{"embeddable":true,"href":"https:\/\/esperancechavagne.fr\/tiralarc\/wp-json\/wp\/v2\/comments?post=2107"}],"version-history":[{"count":2,"href":"https:\/\/esperancechavagne.fr\/tiralarc\/wp-json\/wp\/v2\/pages\/2107\/revisions"}],"predecessor-version":[{"id":4430,"href":"https:\/\/esperancechavagne.fr\/tiralarc\/wp-json\/wp\/v2\/pages\/2107\/revisions\/4430"}],"up":[{"embeddable":true,"href":"https:\/\/esperancechavagne.fr\/tiralarc\/wp-json\/wp\/v2\/pages\/48"}],"wp:featuredmedia":[{"embeddable":true,"href":"https:\/\/esperancechavagne.fr\/tiralarc\/wp-json\/wp\/v2\/media\/4432"}],"wp:attachment":[{"href":"https:\/\/esperancechavagne.fr\/tiralarc\/wp-json\/wp\/v2\/media?parent=2107"}],"curies":[{"name":"wp","href":"https:\/\/api.w.org\/{rel}","templated":true}]}}