{"id":2103,"date":"2019-09-23T19:19:55","date_gmt":"2019-09-23T17:19:55","guid":{"rendered":"https:\/\/esperancechavagne.fr\/tiralarc\/?page_id=2103"},"modified":"2021-09-23T10:11:20","modified_gmt":"2021-09-23T08:11:20","slug":"le-tir-nature","status":"publish","type":"page","link":"https:\/\/esperancechavagne.fr\/tiralarc\/les-disciplines\/le-tir-nature\/","title":{"rendered":"Le tir Nature"},"content":{"rendered":"\n<p class=\"wp-block-paragraph\">Discipline de parcours au m\u00eame titre que le Tir en campagne et le Tir 3D, le Tir nature se rapproche essentiellement de cette derni\u00e8re en ce qu&rsquo;elle propose aux archers de tirer sur des cibles animali\u00e8res en papier.<\/p>\n\n\n\n<h3 class=\"wp-block-heading\">Les basiques de la discipline<\/h3>\n\n\n\n<p class=\"wp-block-paragraph\">Le Tir nature se pratique en pelotons sur un parcours de 42 cibles. Celles-ci sont compos\u00e9es de blasons animaliers, photos ou dessins, de diff\u00e9rentes tailles. Des zones de points donnent le score de chaque fl\u00e8che 20, 15, ou 10 points en fonction des zones atteintes.<\/p>\n\n\n\n<p class=\"wp-block-paragraph\">Dans cette discipline, il existe 4 sortes de blasons :&nbsp;<\/p>\n\n\n\n<ul class=\"wp-block-list\"><li><strong>Les petits animaux.<\/strong>&nbsp;Distances de tir : de 5m \u00e0 15m.<\/li><li><strong>Les petits gibiers.<\/strong>&nbsp;Distances de tir : de 15m \u00e0 25m.<\/li><li><strong>Les moyens gibiers.<\/strong>&nbsp;Distances de tir : de 20m \u00e0 35m.<\/li><li><strong>Les grands gibiers.<\/strong>&nbsp;Distances de tir : de 30m \u00e0 40m.<\/li><\/ul>\n\n\n\n<h3 class=\"wp-block-heading\">Nombre de buttes de tir<\/h3>\n\n\n\n<figure class=\"wp-block-table\"><table><thead><tr><th>PARCOURS DE 21 CIBLES \u00c0 TIRER DEUX FOIS<\/th><th>PARCOURS DE 42 CIBLES \u00c0 TIRER UNE FOIS<\/th><\/tr><\/thead><tbody><tr><td>4 grands gibiers<\/td><td>8 grands gibiers<\/td><\/tr><tr><td>7 moyens gibiers<\/td><td>14 moyens gibiers<\/td><\/tr><tr><td>6 petits gibiers<\/td><td>12 petits gibiers<\/td><\/tr><tr><td>4 petits animaux<\/td><td>8 petits animaux<\/td><\/tr><\/tbody><\/table><\/figure>\n\n\n\n<h3 class=\"wp-block-heading\">D\u00e9roulement d&rsquo;une comp\u00e9tition de Tir nature<\/h3>\n\n\n\n<p class=\"wp-block-paragraph\">Chaque archer tire deux fl\u00e8ches. Les distances de tir vont de 5 \u00e0 40 m en fonction des cat\u00e9gories. Un pas de tir sp\u00e9cifique est r\u00e9serv\u00e9 aux jeunes (benjamins, minimes) et \u00e0 ceux qui souhaitent d\u00e9couvrir la discipline.<\/p>\n\n\n\n<p class=\"wp-block-paragraph\">Il est possible de participer \u00e0 un tir Nature avec un de ces ars&nbsp;: classique nu, chasse, longbow, arc \u00e0 poulies sans viseur et tir libre. Un classement individuel est \u00e9tabli ainsi qu\u2019un classement par \u00e9quipe comprenant trois archers du m\u00eame club.<\/p>\n","protected":false},"excerpt":{"rendered":"<p>Discipline de parcours au m\u00eame titre que le Tir en campagne et le Tir 3D, le Tir nature se rapproche essentiellement de cette derni\u00e8re en ce qu&rsquo;elle propose aux archers de tirer sur des cibles animali\u00e8res en papier. Les basiques de la discipline Le Tir nature se pratique en pelotons<span class=\"more-link\"><a href=\"https:\/\/esperancechavagne.fr\/tiralarc\/les-disciplines\/le-tir-nature\/\">&raquo; Lire la suite &laquo;<\/a><\/span><\/p>\n","protected":false},"author":2,"featured_media":4519,"parent":48,"menu_order":2,"comment_status":"closed","ping_status":"closed","template":"","meta":{"_crdt_document":"","ghostkit_customizer_options":"","ghostkit_custom_css":"","ghostkit_custom_js_head":"","ghostkit_custom_js_foot":"","ghostkit_typography":"","_themeisle_gutenberg_block_has_review":false,"footnotes":""},"class_list":["entry","author-annesophiem","post-2103","page","type-page","status-publish","has-post-thumbnail"],"_links":{"self":[{"href":"https:\/\/esperancechavagne.fr\/tiralarc\/wp-json\/wp\/v2\/pages\/2103","targetHints":{"allow":["GET"]}}],"collection":[{"href":"https:\/\/esperancechavagne.fr\/tiralarc\/wp-json\/wp\/v2\/pages"}],"about":[{"href":"https:\/\/esperancechavagne.fr\/tiralarc\/wp-json\/wp\/v2\/types\/page"}],"author":[{"embeddable":true,"href":"https:\/\/esperancechavagne.fr\/tiralarc\/wp-json\/wp\/v2\/users\/2"}],"replies":[{"embeddable":true,"href":"https:\/\/esperancechavagne.fr\/tiralarc\/wp-json\/wp\/v2\/comments?post=2103"}],"version-history":[{"count":3,"href":"https:\/\/esperancechavagne.fr\/tiralarc\/wp-json\/wp\/v2\/pages\/2103\/revisions"}],"predecessor-version":[{"id":4512,"href":"https:\/\/esperancechavagne.fr\/tiralarc\/wp-json\/wp\/v2\/pages\/2103\/revisions\/4512"}],"up":[{"embeddable":true,"href":"https:\/\/esperancechavagne.fr\/tiralarc\/wp-json\/wp\/v2\/pages\/48"}],"wp:featuredmedia":[{"embeddable":true,"href":"https:\/\/esperancechavagne.fr\/tiralarc\/wp-json\/wp\/v2\/media\/4519"}],"wp:attachment":[{"href":"https:\/\/esperancechavagne.fr\/tiralarc\/wp-json\/wp\/v2\/media?parent=2103"}],"curies":[{"name":"wp","href":"https:\/\/api.w.org\/{rel}","templated":true}]}}