{"id":2101,"date":"2019-09-23T19:19:35","date_gmt":"2019-09-23T17:19:35","guid":{"rendered":"https:\/\/esperancechavagne.fr\/tiralarc\/?page_id=2101"},"modified":"2021-09-22T10:57:34","modified_gmt":"2021-09-22T08:57:34","slug":"le-tir-3d","status":"publish","type":"page","link":"https:\/\/esperancechavagne.fr\/tiralarc\/les-disciplines\/le-tir-3d\/","title":{"rendered":"Le tir 3D"},"content":{"rendered":"\n<p class=\"wp-block-paragraph\">Le tir 3D se pratique g\u00e9n\u00e9ralement de mars \u00e0 novembre, sur un terrain vari\u00e9, en pleine nature \u2013 for\u00eat, prairie\u2026<br>Le\u00a0parcours de tir 3D se d\u00e9roule sur\u00a024 cibles. Les cibles sont volum\u00e9triques, r\u00e9pliques \u00e0 taille r\u00e9elle en polyur\u00e9thane des animaux qu&rsquo;elles repr\u00e9sentent.<\/p>\n\n\n\n<p class=\"wp-block-paragraph\">On peut marquer 5, 8,10 ou 11 points en fonction des zones atteintes.<\/p>\n\n\n\n<div class=\"wp-block-themeisle-blocks-advanced-columns has-2-columns has-desktop-oneTwo-layout has-tablet-equal-layout has-mobile-collapsedRows-layout has-nogap-gap has-vertical-center\" id=\"wp-block-themeisle-blocks-advanced-columns-bab1f85f\"><div class=\"wp-block-themeisle-blocks-advanced-columns-overlay\"><\/div><div class=\"innerblocks-wrap\">\n<div class=\"wp-block-themeisle-blocks-advanced-column\" id=\"wp-block-themeisle-blocks-advanced-column-4ea972be\">\n<div class=\"wp-block-image\"><figure class=\"aligncenter size-thumbnail\"><img loading=\"lazy\" decoding=\"async\" width=\"150\" height=\"150\" src=\"https:\/\/esperancechavagne.fr\/tiralarc\/wp-content\/uploads\/concours\/2018-2019\/3D\/3D-Vern-sur-Seiche-22-et-13-septembre-2018\/3d-vern-sur-seiche_2018-17-150x150.jpg\" alt=\"3d-vern-sur-seiche_2018 - 3d-vern-sur-seiche_2018-17.jpg\" class=\"wp-image-1813\"\/><\/figure><\/div>\n<\/div>\n\n\n\n<div class=\"wp-block-themeisle-blocks-advanced-column\" id=\"wp-block-themeisle-blocks-advanced-column-37eedc3b\">\n<figure class=\"wp-block-table is-style-stripes\"><table><thead><tr><th class=\"has-text-align-center\" data-align=\"center\">Nombre de points<\/th><th class=\"has-text-align-left\" data-align=\"left\">Zone atteinte<\/th><\/tr><\/thead><tbody><tr><td class=\"has-text-align-center\" data-align=\"center\">11<\/td><td class=\"has-text-align-left\" data-align=\"left\">cercle centr\u00e9 dans la zone 10 correspondant \u00e0 25% de la surface du 10<\/td><\/tr><tr><td class=\"has-text-align-center\" data-align=\"center\">10<\/td><td class=\"has-text-align-left\" data-align=\"left\">Cercle dans la zone vitale<\/td><\/tr><tr><td class=\"has-text-align-center\" data-align=\"center\">8<\/td><td class=\"has-text-align-left\" data-align=\"left\">Reste de la zone vitale<\/td><\/tr><tr><td class=\"has-text-align-center\" data-align=\"center\">5<\/td><td class=\"has-text-align-left\" data-align=\"left\">Corps de l\u2019animal et plumes, pattes et ergots des gibiers \u00e0 plumes<\/td><\/tr><tr><td class=\"has-text-align-center\" data-align=\"center\">0<\/td><td class=\"has-text-align-left\" data-align=\"left\">Corne, bois, sabots, cible manqu\u00e9e<\/td><\/tr><\/tbody><\/table><figcaption><strong>D\u00e9compte des points pour chaque fl\u00e8che<\/strong><\/figcaption><\/figure>\n<\/div>\n<\/div><\/div>\n\n\n\n<p class=\"wp-block-paragraph\">Les distances de tir sont inconnues et varient de 5 \u00e0 45 m\u00e8tres : de 10 \u00e0 45m pour le pas Rouge, 5 \u00e0 30m pour le pas bleu et 5 \u00e0 25m pour le pas Blanc.<\/p>\n\n\n\n<p class=\"wp-block-paragraph\">Les archers tirent tire deux fl\u00e8ches du pas correspondant \u00e0 leur cat\u00e9gorie d&rsquo;\u00e2ge et\/ou de type d&rsquo;arc. Le temps de tir est de 1mn30s pour tirer les 2 fl\u00e8ches. Le chronom\u00e8tre d\u00e9marrant d\u00e8s l\u2019arriv\u00e9e de l\u2019archer au pas de tir qu\u2019il doit rejoindre le plus rapidement possible.<\/p>\n","protected":false},"excerpt":{"rendered":"<p>Le tir 3D se pratique g\u00e9n\u00e9ralement de mars \u00e0 novembre, sur un terrain vari\u00e9, en pleine nature \u2013 for\u00eat, prairie\u2026Le\u00a0parcours de tir 3D se d\u00e9roule sur\u00a024 cibles. Les cibles sont volum\u00e9triques, r\u00e9pliques \u00e0 taille r\u00e9elle en polyur\u00e9thane des animaux qu&rsquo;elles repr\u00e9sentent. On peut marquer 5, 8,10 ou 11 points en<span class=\"more-link\"><a href=\"https:\/\/esperancechavagne.fr\/tiralarc\/les-disciplines\/le-tir-3d\/\">&raquo; Lire la suite &laquo;<\/a><\/span><\/p>\n","protected":false},"author":2,"featured_media":4451,"parent":48,"menu_order":1,"comment_status":"closed","ping_status":"closed","template":"","meta":{"_crdt_document":"","ghostkit_customizer_options":"","ghostkit_custom_css":"","ghostkit_custom_js_head":"","ghostkit_custom_js_foot":"","ghostkit_typography":"","_themeisle_gutenberg_block_has_review":false,"footnotes":""},"class_list":["entry","author-annesophiem","post-2101","page","type-page","status-publish","has-post-thumbnail"],"_links":{"self":[{"href":"https:\/\/esperancechavagne.fr\/tiralarc\/wp-json\/wp\/v2\/pages\/2101","targetHints":{"allow":["GET"]}}],"collection":[{"href":"https:\/\/esperancechavagne.fr\/tiralarc\/wp-json\/wp\/v2\/pages"}],"about":[{"href":"https:\/\/esperancechavagne.fr\/tiralarc\/wp-json\/wp\/v2\/types\/page"}],"author":[{"embeddable":true,"href":"https:\/\/esperancechavagne.fr\/tiralarc\/wp-json\/wp\/v2\/users\/2"}],"replies":[{"embeddable":true,"href":"https:\/\/esperancechavagne.fr\/tiralarc\/wp-json\/wp\/v2\/comments?post=2101"}],"version-history":[{"count":10,"href":"https:\/\/esperancechavagne.fr\/tiralarc\/wp-json\/wp\/v2\/pages\/2101\/revisions"}],"predecessor-version":[{"id":4457,"href":"https:\/\/esperancechavagne.fr\/tiralarc\/wp-json\/wp\/v2\/pages\/2101\/revisions\/4457"}],"up":[{"embeddable":true,"href":"https:\/\/esperancechavagne.fr\/tiralarc\/wp-json\/wp\/v2\/pages\/48"}],"wp:featuredmedia":[{"embeddable":true,"href":"https:\/\/esperancechavagne.fr\/tiralarc\/wp-json\/wp\/v2\/media\/4451"}],"wp:attachment":[{"href":"https:\/\/esperancechavagne.fr\/tiralarc\/wp-json\/wp\/v2\/media?parent=2101"}],"curies":[{"name":"wp","href":"https:\/\/api.w.org\/{rel}","templated":true}]}}