{"id":2098,"date":"2021-09-21T12:35:51","date_gmt":"2021-09-21T10:35:51","guid":{"rendered":"https:\/\/esperancechavagne.fr\/tiralarc\/?page_id=2098"},"modified":"2021-09-21T14:16:58","modified_gmt":"2021-09-21T12:16:58","slug":"le-tir-a-larc-exterieur","status":"publish","type":"page","link":"https:\/\/esperancechavagne.fr\/tiralarc\/les-disciplines\/le-tir-a-larc-exterieur\/","title":{"rendered":"Le Tir \u00e0 l&rsquo;Arc Ext\u00e9rieur"},"content":{"rendered":"\n<div class=\"wp-block-group\"><div class=\"wp-block-group__inner-container is-layout-flow wp-block-group-is-layout-flow\">\n<p class=\"wp-block-paragraph\">Le Tir \u00e0 l&rsquo;Arc Ext\u00e9rieur (TAE) est une appellation qui regroupe deux disciplines :<\/p>\n\n\n\n<ul class=\"is-style-styled wp-block-list\"><li>le \u00ab\u00a0Tir \u00e0 l&rsquo;Arc Ext\u00e9rieur discipline internationale\u00a0\u00bb,<\/li><li>le \u00ab\u00a0Tir \u00e0 l&rsquo;Arc Ext\u00e9rieur \u00e0 50m sur blason de 122\u00a0\u00bb.<\/li><\/ul>\n\n\n\n<p class=\"wp-block-paragraph\">Il se pratique g\u00e9n\u00e9ralement du d\u00e9but du printemps jusqu&rsquo;\u00e0 la fin de l&rsquo;\u00e9t\u00e9.<\/p>\n\n\n\n<p class=\"wp-block-paragraph\">Sauf si de mauvaises conditions (pluie forte, vent fort, orage) emp\u00eachent une pratique en toute s\u00e9curit\u00e9, les archers tirent normalement par tous les temps.<\/p>\n<\/div><\/div>\n\n\n\n<h2 class=\"wp-block-heading\">Le Tir \u00e0 l&rsquo;Arc Ext\u00e9rieur discipline internationale<\/h2>\n\n\n\n<p class=\"wp-block-paragraph\">Pour l\u2019arc classique, les archers tirent sur une cible traditionnelle de 122 cm de diam\u00e8tre \u2013 dont les zones marquantes vont de 10 \u00e0 1 \u2013 plac\u00e9e \u00e0 une distance allant de 20 \u00e0 70 m\u00e8tres selon la cat\u00e9gorie de l&rsquo;archer.<br>Pour l&rsquo;arc \u00e0 poulies, la cible fait 80 cm de diam\u00e8tre et ne comprend que les cercles jaunes, rouges et bleus \u2013 les zones marquantes allant de 10 \u00e0 5.<\/p>\n\n\n\n<h3 class=\"wp-block-heading\">Les distances officielles<\/h3>\n\n\n\n<figure class=\"wp-block-table is-style-stripes\"><table><thead><tr><th class=\"has-text-align-left\" data-align=\"left\">Cat\u00e9gorie<\/th><th class=\"has-text-align-left\" data-align=\"left\">Arc classique<\/th><th class=\"has-text-align-left\" data-align=\"left\">Arc \u00e0 poulies<\/th><\/tr><\/thead><tbody><tr><td class=\"has-text-align-left\" data-align=\"left\">Poussin<\/td><td class=\"has-text-align-left\" data-align=\"left\">20m &#8211; blason de 80 cm<\/td><td class=\"has-text-align-left\" data-align=\"left\">&#8212;<\/td><\/tr><tr><td class=\"has-text-align-left\" data-align=\"left\">Benjamin<\/td><td class=\"has-text-align-left\" data-align=\"left\">30m &#8211; blason de 80 cm<\/td><td class=\"has-text-align-left\" data-align=\"left\">&#8212;<\/td><\/tr><tr><td class=\"has-text-align-left\" data-align=\"left\">Minime<\/td><td class=\"has-text-align-left\" data-align=\"left\">40m &#8211; blason de 80 cm<\/td><td class=\"has-text-align-left\" data-align=\"left\">&#8212;<\/td><\/tr><tr><td class=\"has-text-align-left\" data-align=\"left\">Cadet<\/td><td class=\"has-text-align-left\" data-align=\"left\">60m &#8211; blason de 122 cm<\/td><td class=\"has-text-align-left\" data-align=\"left\">50m &#8211; blason 80 cm \u00e0 6 zones<\/td><\/tr><tr><td class=\"has-text-align-left\" data-align=\"left\">Junior<\/td><td class=\"has-text-align-left\" data-align=\"left\">70m &#8211; blason de 122 cm<\/td><td class=\"has-text-align-left\" data-align=\"left\">50m &#8211; blason 80 cm \u00e0 6 zones<\/td><\/tr><tr><td class=\"has-text-align-left\" data-align=\"left\">Senior 1<\/td><td class=\"has-text-align-left\" data-align=\"left\">70m &#8211; blason de 122 cm<\/td><td class=\"has-text-align-left\" data-align=\"left\">50m &#8211; blason 80 cm \u00e0 6 zones<\/td><\/tr><tr><td class=\"has-text-align-left\" data-align=\"left\">Senior 2<\/td><td class=\"has-text-align-left\" data-align=\"left\">70m &#8211; blason de 122 cm<\/td><td class=\"has-text-align-left\" data-align=\"left\">50m &#8211; blason 80 cm \u00e0 6 zones<\/td><\/tr><tr><td class=\"has-text-align-left\" data-align=\"left\">Senior 3<\/td><td class=\"has-text-align-left\" data-align=\"left\">60m &#8211; blason de 122 cm<\/td><td class=\"has-text-align-left\" data-align=\"left\">50m &#8211; blason 80 cm \u00e0 6 zones<\/td><\/tr><\/tbody><\/table><\/figure>\n\n\n\n<figure class=\"wp-block-table is-style-stripes\"><table><thead><tr><th class=\"has-text-align-left\" data-align=\"left\">Cat\u00e9gorie<\/th><th class=\"has-text-align-left\" data-align=\"left\">D\u00e9butants 1\u00e8re ann\u00e9e<\/th><\/tr><\/thead><tbody><tr><td class=\"has-text-align-left\" data-align=\"left\">Benjamin<\/td><td class=\"has-text-align-left\" data-align=\"left\">20m &#8211; blason de 80 cm<\/td><\/tr><tr><td class=\"has-text-align-left\" data-align=\"left\">Minime<\/td><td class=\"has-text-align-left\" data-align=\"left\">30m &#8211; blason de 80 cm<\/td><\/tr><tr><td class=\"has-text-align-left\" data-align=\"left\">Cadet<\/td><td class=\"has-text-align-left\" data-align=\"left\">40m &#8211; blason de 80 cm<\/td><\/tr><\/tbody><\/table><\/figure>\n\n\n\n<div class=\"wp-block-group\"><div class=\"wp-block-group__inner-container is-layout-flow wp-block-group-is-layout-flow\">\n<h2 class=\"wp-block-heading\">Le Tir \u00e0 l&rsquo;Arc Ext\u00e9rieur \u00e0 50m sur blason de 122<\/h2>\n\n\n\n<p class=\"wp-block-paragraph\">Le Tir \u00e0 l&rsquo;Arc Ext\u00e9rieur \u00e0 50m sur blason de 122 est une discipline typiquement fran\u00e7aise.<\/p>\n\n\n\n<p class=\"wp-block-paragraph\">Ses origines en France sont \u00e0 chercher dans la pratique de l&rsquo;\u00e9preuve 1440, abandonn\u00e9e en comp\u00e9tition internationale depuis septembre 2013. Aussi appel\u00e9 \u00e9preuve FITA ou Fita Star, elle pr\u00e9voit de tirer 36 fl\u00e8ches \u00e0 90, 70, 50 et 30 m\u00e8tres pour les hommes et 70, 60, 50 et 30 m\u00e8tres pour les femmes \u2013 soit 144 fl\u00e8ches au total.<\/p>\n\n\n\n<p class=\"wp-block-paragraph\">Les comp\u00e9titions de Tir \u00e0 l&rsquo;Arc Ext\u00e9rieur \u00e0 50m sur blason de 122 sont organis\u00e9es sur ce format : les archers tirent 12 vol\u00e9es de 6 fl\u00e8ches chacune \u2013 soit 72 fl\u00e8ches compt\u00e9es.<\/p>\n<\/div><\/div>\n","protected":false},"excerpt":{"rendered":"<p>Le Tir \u00e0 l&rsquo;Arc Ext\u00e9rieur (TAE) est une appellation qui regroupe deux disciplines : le \u00ab\u00a0Tir \u00e0 l&rsquo;Arc Ext\u00e9rieur discipline internationale\u00a0\u00bb, le \u00ab\u00a0Tir \u00e0 l&rsquo;Arc Ext\u00e9rieur \u00e0 50m sur blason de 122\u00a0\u00bb. Il se pratique g\u00e9n\u00e9ralement du d\u00e9but du printemps jusqu&rsquo;\u00e0 la fin de l&rsquo;\u00e9t\u00e9. Sauf si de mauvaises conditions<span class=\"more-link\"><a href=\"https:\/\/esperancechavagne.fr\/tiralarc\/les-disciplines\/le-tir-a-larc-exterieur\/\">&raquo; Lire la suite &laquo;<\/a><\/span><\/p>\n","protected":false},"author":2,"featured_media":2176,"parent":48,"menu_order":2,"comment_status":"closed","ping_status":"closed","template":"","meta":{"_crdt_document":"","ghostkit_customizer_options":"","ghostkit_custom_css":"","ghostkit_custom_js_head":"","ghostkit_custom_js_foot":"","ghostkit_typography":"","_themeisle_gutenberg_block_has_review":false,"footnotes":""},"class_list":["entry","author-annesophiem","post-2098","page","type-page","status-publish","has-post-thumbnail"],"_links":{"self":[{"href":"https:\/\/esperancechavagne.fr\/tiralarc\/wp-json\/wp\/v2\/pages\/2098","targetHints":{"allow":["GET"]}}],"collection":[{"href":"https:\/\/esperancechavagne.fr\/tiralarc\/wp-json\/wp\/v2\/pages"}],"about":[{"href":"https:\/\/esperancechavagne.fr\/tiralarc\/wp-json\/wp\/v2\/types\/page"}],"author":[{"embeddable":true,"href":"https:\/\/esperancechavagne.fr\/tiralarc\/wp-json\/wp\/v2\/users\/2"}],"replies":[{"embeddable":true,"href":"https:\/\/esperancechavagne.fr\/tiralarc\/wp-json\/wp\/v2\/comments?post=2098"}],"version-history":[{"count":7,"href":"https:\/\/esperancechavagne.fr\/tiralarc\/wp-json\/wp\/v2\/pages\/2098\/revisions"}],"predecessor-version":[{"id":4415,"href":"https:\/\/esperancechavagne.fr\/tiralarc\/wp-json\/wp\/v2\/pages\/2098\/revisions\/4415"}],"up":[{"embeddable":true,"href":"https:\/\/esperancechavagne.fr\/tiralarc\/wp-json\/wp\/v2\/pages\/48"}],"wp:featuredmedia":[{"embeddable":true,"href":"https:\/\/esperancechavagne.fr\/tiralarc\/wp-json\/wp\/v2\/media\/2176"}],"wp:attachment":[{"href":"https:\/\/esperancechavagne.fr\/tiralarc\/wp-json\/wp\/v2\/media?parent=2098"}],"curies":[{"name":"wp","href":"https:\/\/api.w.org\/{rel}","templated":true}]}}