{"id":2096,"date":"2019-09-23T20:01:17","date_gmt":"2019-09-23T18:01:17","guid":{"rendered":"https:\/\/esperancechavagne.fr\/tiralarc\/?page_id=2096"},"modified":"2021-09-21T14:19:08","modified_gmt":"2021-09-21T12:19:08","slug":"le-tir-en-salle","status":"publish","type":"page","link":"https:\/\/esperancechavagne.fr\/tiralarc\/les-disciplines\/le-tir-en-salle\/","title":{"rendered":"Le tir en salle"},"content":{"rendered":"\n<p class=\"wp-block-paragraph\">Le tir en salle se pratique g\u00e9n\u00e9ralement entre le mois de septembre et le mois de mars de l&rsquo;ann\u00e9e suivante.<\/p>\n\n\n\n<p class=\"wp-block-paragraph\">Pendant les cours, la distance et la taille des blasons peuvent \u00eatre adapt\u00e9es en fonction du niveau des archers.<\/p>\n\n\n\n<p class=\"wp-block-paragraph\">En comp\u00e9tition, la distance officielle est 18 m\u00e8tres et la taille des blasons est de 60 cm pour les cat\u00e9gories benjamins et minimes et de 40 cm pour les cat\u00e9gories cadets, juniors et adultes.<\/p>\n\n\n\n<p class=\"wp-block-paragraph\">On trouve deux types de blasons :<\/p>\n\n\n\n<div class=\"wp-block-columns is-layout-flex wp-container-core-columns-is-layout-8f761849 wp-block-columns-is-layout-flex\">\n<div class=\"wp-block-column is-layout-flow wp-block-column-is-layout-flow\">\n<div class=\"wp-block-image\"><figure class=\"aligncenter size-full\"><img loading=\"lazy\" decoding=\"async\" width=\"112\" height=\"112\" src=\"https:\/\/esperancechavagne.fr\/tiralarc\/wp-content\/uploads\/design\/pages\/Blason.jpg\" alt=\"Blason\" class=\"wp-image-1473\"\/><\/figure><\/div>\n\n\n\n<p class=\"has-text-align-center wp-block-paragraph\">le blason de 40 cm,<br>comportant des zones marquantes de 1 \u00e0 10 points<\/p>\n<\/div>\n\n\n\n<div class=\"wp-block-column is-layout-flow wp-block-column-is-layout-flow\">\n<div class=\"wp-block-image\"><figure class=\"aligncenter size-full\"><img loading=\"lazy\" decoding=\"async\" width=\"112\" height=\"112\" src=\"https:\/\/esperancechavagne.fr\/tiralarc\/wp-content\/uploads\/design\/pages\/Trispot_2.jpg\" alt=\"Trispot vertical\" class=\"wp-image-1482\"\/><\/figure><\/div>\n\n\n\n<p class=\"has-text-align-center wp-block-paragraph\">le blason trispots,<br>ne comportant que des zones marquantes de 6 \u00e0 10 points<\/p>\n<\/div>\n<\/div>\n\n\n\n<p class=\"wp-block-paragraph\">En comp\u00e9tition, si les deux types de blasons peuvent \u00eatre propos\u00e9s en arc classique, le blason trispots est obligatoire en arc \u00e0 poulies, ainsi que pour tous les archers lors de championnats.<\/p>\n\n\n\n<p class=\"wp-block-paragraph\">En arc classique et en arc nu, la surface 10 points compte int\u00e9gralement. En arc \u00e0 poulies, seule la zone int\u00e9rieure du 10 \u2013 not\u00e9e X \u2013 compte effectivement 10 points.<\/p>\n\n\n\n<p class=\"wp-block-paragraph\">Lors d&rsquo;une comp\u00e9tition de tir en salle, les archers tirent 20 vol\u00e9es de 3 fl\u00e8ches chacune \u2013 soit 60 fl\u00e8ches compt\u00e9es.<\/p>\n","protected":false},"excerpt":{"rendered":"<p>Le tir en salle se pratique g\u00e9n\u00e9ralement entre le mois de septembre et le mois de mars de l&rsquo;ann\u00e9e suivante. Pendant les cours, la distance et la taille des blasons peuvent \u00eatre adapt\u00e9es en fonction du niveau des archers. En comp\u00e9tition, la distance officielle est 18 m\u00e8tres et la taille<span class=\"more-link\"><a href=\"https:\/\/esperancechavagne.fr\/tiralarc\/les-disciplines\/le-tir-en-salle\/\">&raquo; Lire la suite &laquo;<\/a><\/span><\/p>\n","protected":false},"author":2,"featured_media":2180,"parent":48,"menu_order":1,"comment_status":"closed","ping_status":"closed","template":"","meta":{"_crdt_document":"","ghostkit_customizer_options":"","ghostkit_custom_css":"","ghostkit_custom_js_head":"","ghostkit_custom_js_foot":"","ghostkit_typography":"","_themeisle_gutenberg_block_has_review":false,"footnotes":""},"class_list":["entry","author-annesophiem","post-2096","page","type-page","status-publish","has-post-thumbnail"],"_links":{"self":[{"href":"https:\/\/esperancechavagne.fr\/tiralarc\/wp-json\/wp\/v2\/pages\/2096","targetHints":{"allow":["GET"]}}],"collection":[{"href":"https:\/\/esperancechavagne.fr\/tiralarc\/wp-json\/wp\/v2\/pages"}],"about":[{"href":"https:\/\/esperancechavagne.fr\/tiralarc\/wp-json\/wp\/v2\/types\/page"}],"author":[{"embeddable":true,"href":"https:\/\/esperancechavagne.fr\/tiralarc\/wp-json\/wp\/v2\/users\/2"}],"replies":[{"embeddable":true,"href":"https:\/\/esperancechavagne.fr\/tiralarc\/wp-json\/wp\/v2\/comments?post=2096"}],"version-history":[{"count":18,"href":"https:\/\/esperancechavagne.fr\/tiralarc\/wp-json\/wp\/v2\/pages\/2096\/revisions"}],"predecessor-version":[{"id":4416,"href":"https:\/\/esperancechavagne.fr\/tiralarc\/wp-json\/wp\/v2\/pages\/2096\/revisions\/4416"}],"up":[{"embeddable":true,"href":"https:\/\/esperancechavagne.fr\/tiralarc\/wp-json\/wp\/v2\/pages\/48"}],"wp:featuredmedia":[{"embeddable":true,"href":"https:\/\/esperancechavagne.fr\/tiralarc\/wp-json\/wp\/v2\/media\/2180"}],"wp:attachment":[{"href":"https:\/\/esperancechavagne.fr\/tiralarc\/wp-json\/wp\/v2\/media?parent=2096"}],"curies":[{"name":"wp","href":"https:\/\/api.w.org\/{rel}","templated":true}]}}